{"id":12,"date":"2017-07-16T06:30:00","date_gmt":"2017-07-16T06:30:00","guid":{"rendered":"http:\/\/painelvicentino.com.br\/?page_id=12"},"modified":"2026-01-20T12:09:46","modified_gmt":"2026-01-20T12:09:46","slug":"about","status":"publish","type":"page","link":"https:\/\/painelvicentino.com.br\/?page_id=12","title":{"rendered":"Confer\u00eancias Vicentinas"},"content":{"rendered":"\t\t<div data-elementor-type=\"wp-post\" data-elementor-id=\"12\" class=\"elementor elementor-12\">\n\t\t\t\t\t\t<section class=\"elementor-section elementor-top-section elementor-element elementor-element-3c2f006 elementor-section-boxed elementor-section-height-default elementor-section-height-default\" data-id=\"3c2f006\" data-element_type=\"section\" data-e-type=\"section\">\n\t\t\t\t\t\t<div class=\"elementor-container elementor-column-gap-default\">\n\t\t\t\t\t<div class=\"elementor-column elementor-col-100 elementor-top-column elementor-element elementor-element-24b2dd8\" data-id=\"24b2dd8\" data-element_type=\"column\" data-e-type=\"column\">\n\t\t\t<div class=\"elementor-widget-wrap elementor-element-populated\">\n\t\t\t\t\t\t<div class=\"elementor-element elementor-element-c69fd6f elementor-widget elementor-widget-image\" data-id=\"c69fd6f\" data-element_type=\"widget\" data-e-type=\"widget\" data-widget_type=\"image.default\">\n\t\t\t\t<div class=\"elementor-widget-container\">\n\t\t\t\t\t\t\t\t\t\t\t\t\t\t\t<img decoding=\"async\" width=\"290\" height=\"100\" src=\"https:\/\/painelvicentino.com.br\/wp-content\/uploads\/2020\/04\/Conferencias_290x100-1.png\" class=\"attachment-full size-full wp-image-1322\" alt=\"\" \/>\t\t\t\t\t\t\t\t\t\t\t\t\t\t\t<\/div>\n\t\t\t\t<\/div>\n\t\t\t\t<div class=\"elementor-element elementor-element-2fdf886 elementor-widget elementor-widget-text-editor\" data-id=\"2fdf886\" data-element_type=\"widget\" data-e-type=\"widget\" data-widget_type=\"text-editor.default\">\n\t\t\t\t<div class=\"elementor-widget-container\">\n\t\t\t\t\t\t\t\t\t<h4 style=\"text-align: center;\"><span style=\"color: #333333;\">Confer\u00eancias Vicentinas no Brasil<\/span><\/h4>\t\t\t\t\t\t\t\t<\/div>\n\t\t\t\t<\/div>\n\t\t\t\t\t<\/div>\n\t\t<\/div>\n\t\t\t\t\t<\/div>\n\t\t<\/section>\n\t\t\t\t<section class=\"elementor-section elementor-top-section elementor-element elementor-element-62c1686 elementor-section-boxed elementor-section-height-default elementor-section-height-default\" data-id=\"62c1686\" data-element_type=\"section\" data-e-type=\"section\">\n\t\t\t\t\t\t<div class=\"elementor-container elementor-column-gap-default\">\n\t\t\t\t\t<div class=\"elementor-column elementor-col-50 elementor-top-column elementor-element elementor-element-0a05fc1\" data-id=\"0a05fc1\" data-element_type=\"column\" data-e-type=\"column\">\n\t\t\t<div class=\"elementor-widget-wrap elementor-element-populated\">\n\t\t\t\t\t\t<div class=\"elementor-element elementor-element-09ea717 elementor-align-center elementor-widget elementor-widget-button\" data-id=\"09ea717\" data-element_type=\"widget\" data-e-type=\"widget\" data-widget_type=\"button.default\">\n\t\t\t\t<div class=\"elementor-widget-container\">\n\t\t\t\t\t\t\t\t\t<div class=\"elementor-button-wrapper\">\n\t\t\t\t\t<a class=\"elementor-button elementor-button-link elementor-size-sm\" href=\"https:\/\/painelvicentino.com.br\/?page_id=1677\">\n\t\t\t\t\t\t<span class=\"elementor-button-content-wrapper\">\n\t\t\t\t\t\t\t\t\t<span class=\"elementor-button-text\">Adicionar Confer\u00eancia<\/span>\n\t\t\t\t\t<\/span>\n\t\t\t\t\t<\/a>\n\t\t\t\t<\/div>\n\t\t\t\t\t\t\t\t<\/div>\n\t\t\t\t<\/div>\n\t\t\t\t\t<\/div>\n\t\t<\/div>\n\t\t\t\t<div class=\"elementor-column elementor-col-50 elementor-top-column elementor-element elementor-element-14ecc94\" data-id=\"14ecc94\" data-element_type=\"column\" data-e-type=\"column\">\n\t\t\t<div class=\"elementor-widget-wrap elementor-element-populated\">\n\t\t\t\t\t\t<div class=\"elementor-element elementor-element-dc2af4e elementor-align-center elementor-widget elementor-widget-button\" data-id=\"dc2af4e\" data-element_type=\"widget\" data-e-type=\"widget\" data-widget_type=\"button.default\">\n\t\t\t\t<div class=\"elementor-widget-container\">\n\t\t\t\t\t\t\t\t\t<div class=\"elementor-button-wrapper\">\n\t\t\t\t\t<a class=\"elementor-button elementor-button-link elementor-size-sm\" href=\"https:\/\/forms.gle\/DucUZ2DGwbFfaXQA8\">\n\t\t\t\t\t\t<span class=\"elementor-button-content-wrapper\">\n\t\t\t\t\t\t\t\t\t<span class=\"elementor-button-text\">Atualizar\/Excluir Confer\u00eancia  <\/span>\n\t\t\t\t\t<\/span>\n\t\t\t\t\t<\/a>\n\t\t\t\t<\/div>\n\t\t\t\t\t\t\t\t<\/div>\n\t\t\t\t<\/div>\n\t\t\t\t\t<\/div>\n\t\t<\/div>\n\t\t\t\t\t<\/div>\n\t\t<\/section>\n\t\t\t\t<section class=\"elementor-section elementor-top-section elementor-element elementor-element-a9f11ca elementor-section-boxed elementor-section-height-default elementor-section-height-default\" data-id=\"a9f11ca\" data-element_type=\"section\" data-e-type=\"section\">\n\t\t\t\t\t\t<div class=\"elementor-container elementor-column-gap-default\">\n\t\t\t\t\t<div class=\"elementor-column elementor-col-100 elementor-top-column elementor-element elementor-element-9c27dee\" data-id=\"9c27dee\" data-element_type=\"column\" data-e-type=\"column\">\n\t\t\t<div class=\"elementor-widget-wrap\">\n\t\t\t\t\t\t\t<\/div>\n\t\t<\/div>\n\t\t\t\t\t<\/div>\n\t\t<\/section>\n\t\t\t\t<section class=\"elementor-section elementor-top-section elementor-element elementor-element-360bb95 elementor-section-boxed elementor-section-height-default elementor-section-height-default\" data-id=\"360bb95\" data-element_type=\"section\" data-e-type=\"section\">\n\t\t\t\t\t\t<div class=\"elementor-container elementor-column-gap-default\">\n\t\t\t\t\t<div class=\"elementor-column elementor-col-100 elementor-top-column elementor-element elementor-element-f95d3d4\" data-id=\"f95d3d4\" data-element_type=\"column\" data-e-type=\"column\">\n\t\t\t<div class=\"elementor-widget-wrap elementor-element-populated\">\n\t\t\t\t\t\t<div class=\"elementor-element elementor-element-984dbce elementor-widget__width-initial elementor-tabs-view-horizontal elementor-widget elementor-widget-tabs\" data-id=\"984dbce\" data-element_type=\"widget\" data-e-type=\"widget\" data-widget_type=\"tabs.default\">\n\t\t\t\t<div class=\"elementor-widget-container\">\n\t\t\t\t\t\t\t<div class=\"elementor-tabs\">\n\t\t\t<div class=\"elementor-tabs-wrapper\" role=\"tablist\" >\n\t\t\t\t\t\t\t\t\t<div id=\"elementor-tab-title-1591\" class=\"elementor-tab-title elementor-tab-desktop-title\" aria-selected=\"true\" data-tab=\"1\" role=\"tab\" tabindex=\"0\" aria-controls=\"elementor-tab-content-1591\" aria-expanded=\"false\">Apresenta\u00e7\u00e3o<\/div>\n\t\t\t\t\t\t\t\t\t<div id=\"elementor-tab-title-1592\" class=\"elementor-tab-title elementor-tab-desktop-title\" aria-selected=\"false\" data-tab=\"2\" role=\"tab\" tabindex=\"-1\" aria-controls=\"elementor-tab-content-1592\" aria-expanded=\"false\">Conselhos<\/div>\n\t\t\t\t\t\t\t\t\t<div id=\"elementor-tab-title-1593\" class=\"elementor-tab-title elementor-tab-desktop-title\" aria-selected=\"false\" data-tab=\"3\" role=\"tab\" tabindex=\"-1\" aria-controls=\"elementor-tab-content-1593\" aria-expanded=\"false\">Estados<\/div>\n\t\t\t\t\t\t\t\t\t<div id=\"elementor-tab-title-1594\" class=\"elementor-tab-title elementor-tab-desktop-title\" aria-selected=\"false\" data-tab=\"4\" role=\"tab\" tabindex=\"-1\" aria-controls=\"elementor-tab-content-1594\" aria-expanded=\"false\">CCA<\/div>\n\t\t\t\t\t\t\t<\/div>\n\t\t\t<div class=\"elementor-tabs-content-wrapper\" role=\"tablist\" aria-orientation=\"vertical\">\n\t\t\t\t\t\t\t\t\t<div class=\"elementor-tab-title elementor-tab-mobile-title\" aria-selected=\"true\" data-tab=\"1\" role=\"tab\" tabindex=\"0\" aria-controls=\"elementor-tab-content-1591\" aria-expanded=\"false\">Apresenta\u00e7\u00e3o<\/div>\n\t\t\t\t\t<div id=\"elementor-tab-content-1591\" class=\"elementor-tab-content elementor-clearfix\" data-tab=\"1\" role=\"tabpanel\" aria-labelledby=\"elementor-tab-title-1591\" tabindex=\"0\" hidden=\"false\"><p><b>Encontre 811 Confer\u00eancias em 222 cidades no site<\/b><\/p><p>No Brasil,\u00a0o pa\u00eds com mais vicentinos no mundo, s\u00e3o mais de 122 mil confrades e cons\u00f3cias, em 15.935 Confer\u00eancias.<\/p><p>Hoje em dia, a SSVP est\u00e1 presente em 155 pa\u00edses, conta com 800.000 s\u00f3cios agrupados em 48.000 Confer\u00eancias e 1,5 milh\u00f5es de volunt\u00e1rios e colaboradores. Sua ajuda chega diariamente a mais de 30 milh\u00f5es de pessoas em todo o mundo.<\/p><p>(Fonte: <a href=\"https:\/\/www.ssvpglobal.org\/onde-estamos-mapas-interativo\/\">https:\/\/www.ssvpglobal.org\/onde-estamos-mapas-interativo\/<\/a>)<\/p><\/div>\n\t\t\t\t\t\t\t\t\t<div class=\"elementor-tab-title elementor-tab-mobile-title\" aria-selected=\"false\" data-tab=\"2\" role=\"tab\" tabindex=\"-1\" aria-controls=\"elementor-tab-content-1592\" aria-expanded=\"false\">Conselhos<\/div>\n\t\t\t\t\t<div id=\"elementor-tab-content-1592\" class=\"elementor-tab-content elementor-clearfix\" data-tab=\"2\" role=\"tabpanel\" aria-labelledby=\"elementor-tab-title-1592\" tabindex=\"0\" hidden=\"hidden\"><h5><a href=\"https:\/\/script.google.com\/macros\/s\/AKfycbzT6wCi2e-5BGAvjTUcZ09AqYs3i20Oyo8a_D3gO0KOdaBhzrETXcofYumvi3D7rgpx\/exec\">CM de An\u00e1polis<\/a><br \/><a href=\"https:\/\/script.google.com\/macros\/s\/AKfycbwrvMa7HWgf_xOQeDRWILnjXnPBnkeWlR2XeuTxABeCr6eRdIkLutuxVpVGJa_s1AYTDA\/exec\">CM de Barbacena<\/a><br \/><a href=\"https:\/\/script.google.com\/macros\/s\/AKfycbxwysJElUsjqeMYJI_rOAC7JqvH1Y_HNiDuFAGJCsoXQ48nLQU95bLqPnY39zh4nIeSDQ\/exec\">CM de Baur\u00fa<\/a><br \/><a href=\"https:\/\/script.google.com\/macros\/s\/AKfycbz7Fx14TSVHjkUWJzc5NEnyivGh-ryn9G9vIT6UGKszLsmPrEFrExb47pb_sVwaP61e\/exec\">CM de Bel\u00e9m<\/a><br \/><a href=\"https:\/\/script.google.com\/macros\/s\/AKfycby_zmvlf7n8fVNfxcUr4UnL9xrXwjsrWktwxfK5ScUAKvK7ZNXC61eJgx1LgiSCI2X7sA\/exec\">CM de Belo Horizonte<\/a><br \/><a href=\"https:\/\/script.google.com\/macros\/s\/AKfycbxFYmoUG-sEGEuFEAWjjZdYf9el02z09abtjIlPq7w4wM0uV3yVd-8_djMy442034FL4g\/exec\">CM de Bras\u00edlia<\/a><br \/><a href=\"https:\/\/script.google.com\/macros\/s\/AKfycbzrvqudrz4-EP_2KI2di28FKPo2MImzqZkcbcOXcUcMQS6D5q4_m7b_9RPYUs4K8ymw\/exec\">CM de Camb\u00e9<\/a><br \/><a href=\"https:\/\/script.google.com\/macros\/s\/AKfycbzF00-Mdw_sf2I2Ipn8ICJ5uCLIkAekHXyeauzFcBedfOK7I8Tqf5B7lOsI71L7y81s\/exec\">CM de Caratinga<\/a><br \/><a href=\"https:\/\/script.google.com\/macros\/s\/AKfycbyDkja25Ilynz1H2K9-2Tx8hkJO9Hmdyx4xrKsy3nlp2bauI1asf3NAMOTO4rcO4Q7c5A\/exec\">CM de Contagem<\/a><br \/><a href=\"https:\/\/script.google.com\/macros\/s\/AKfycbwhSeR0BddekLCIldPxLKEZhykVYGHuC5OaSJnYCnFHVWshDKLqgdFTbR8aJdjJM_n8\/exec\">CM de Curitiba e Porto Alegre<\/a><br \/><a href=\"https:\/\/script.google.com\/macros\/s\/AKfycbyEPCKZ6TrEayFDUhKEkS-JMkz6KP43fEcbGtfFvoEwhoKJnu62WzB2cC3BxekGaD0b\/exec\">CM de Diamantina<\/a><br \/><a href=\"https:\/\/script.google.com\/macros\/s\/AKfycbxvsTmfKF22LFb4j3j4xwM7zdHR4mFVwkrO_e6pPSS6IdBxKohyZsJPxnYlsERMmsx8\/exec\">CM de Divin\u00f3polis<\/a><br \/><a href=\"https:\/\/script.google.com\/macros\/s\/AKfycbxBzrXPHvN2P45fTvyd1Hx1yzGJ3dDjrwYEA2X5Tp0t-pZ5LUuUIqtRJjUQj5Jr_1BE-Q\/exec\">CM de Formiga<\/a><br \/><a href=\"https:\/\/script.google.com\/macros\/s\/AKfycbyOgbiE2rEQTD9dSVkDQ_thMhN8jn8wPIqvyZsp0D7wq4kPbIhHUmKEJ_4cXq6biqIi6Q\/exec\">CM de Fortaleza<\/a><br \/><a href=\"https:\/\/script.google.com\/macros\/s\/AKfycbyahokM0ihT9qeEvHD_dIGhqD5a86HVG-68izaLHFcCC9aOv2Oo8CzW47H5Yyz_6zuBqQ\/exec\">CM de Goi\u00e2nia<\/a><br \/><a href=\"https:\/\/script.google.com\/macros\/s\/AKfycbxF6r8K9MEgnQPcK3h1z3V-sJ0Vmh-IXzRO2AgvgIeCHdUsMWFgPMeq82Xm40_Oh9jUAw\/exec\">CM de Governador Valadares<\/a><br \/><a href=\"https:\/\/script.google.com\/macros\/s\/AKfycbwb9EojGkXg6q-sYUzGJlAD9AnK20bW94ZGOEssPfSI-XIrfbyofaa8pPGAg1RSpkuHOA\/exec\">CM de Juiz de Fora<\/a><br \/><a href=\"https:\/\/script.google.com\/macros\/s\/AKfycby-rwm4roOQZdGHlzkXlPmYbQApS1tj1o0aH8AXO3Y0426Z_fPdi2UnquYPZPpEWyq5\/exec\">CM de Jundia\u00ed<\/a><br \/><a href=\"https:\/\/script.google.com\/macros\/s\/AKfycbzahRcHIMlGc-08vEMTDA4EBAIKCHa55jTx0KJEaTWcc156tueJAT8-LHKHL7QcVczN\/exec\">CM de Macei\u00f3<\/a><br \/><a href=\"https:\/\/script.google.com\/macros\/s\/AKfycbxiDyVu99BrHWSySWB3WBMI--mtCyub1Mrju1ASx84JQQ05otfwq2OVE0tqmxOX7J_Zcg\/exec\">CM de Maring\u00e1<\/a><br \/><a href=\"https:\/\/script.google.com\/macros\/s\/AKfycbzXFIR6TFgaVckPRYGi0_vIzXkbwiomzT4f826bCNieX391jLLF0BLKOsMGYK6_xuXE\/exec\">CM de Montes Claros<\/a><br \/><a href=\"https:\/\/script.google.com\/macros\/s\/AKfycbxx36X0xtI14mA3xXciJsGBrJ_2Wp2JoBszypndishS3I0Qro3xMwRUTkPjWqunYXyn3A\/exec\">CM de Olinda e Recife<\/a><br \/><a href=\"https:\/\/script.google.com\/macros\/s\/AKfycby9C6v8reubSAptl8lZWYvnIsV0MORL4mAylKMVo0Len8NAsy1VtiUfCZiiLjRFM57WKQ\/exec\">CM de Ouro Preto<\/a><br \/><a href=\"https:\/\/script.google.com\/macros\/s\/AKfycbwabcSVvjWJ_gCq4Ffz6JWbZ9_7Pfpoky-5Wdy54hrtK46opmdq0JR1POIT82Z17toB\/exec\">CM de Patos de Minas<\/a><br \/><a href=\"https:\/\/script.google.com\/macros\/s\/AKfycbwH1wUGK2uSgRBV4FMhnq4u7VLyj5baUZnIx2cCeyASWPQ-Yl3y_a1zeiXycz1k6_LYQA\/exec\">CM de Pouso Alegre<\/a><br \/><a href=\"https:\/\/script.google.com\/macros\/s\/AKfycbzyBo4PpzgGwfvl8MoLeVKvEOg0SJmNkQ8cYOLWNmQnDN7YoPGwYIlzEClKKTV4U3os-w\/exec\">CM de Rio de Janeiro<\/a><br \/><a href=\"https:\/\/script.google.com\/macros\/s\/AKfycbzxubOJGj0yFHcVHrME3GWqj2lLG3Vyvfh5A6optPSSvEc1XypTTR8OkCMv_lu00YGaDw\/exec\">CM de S\u00e3o Carlos<\/a><br \/><a href=\"https:\/\/script.google.com\/macros\/s\/AKfycbwTyWXhPaWcpk5PWsQTSqPZjthVA8zETyAaGzkE3o-VbWLp6x1mJry3YIxGymsEO2sb\/exec\">CM de S\u00e3o Jos\u00e9 do Rio Preto<\/a><br \/><a href=\"https:\/\/script.google.com\/macros\/s\/AKfycbyD2xbfcTTwQdmUVR27rkp98pJ8ikyihRgT5sPyUiz-fjx9d0ht4jMoNy73217BGxvO\/exec\">CM de S\u00e3o Jos\u00e9 dos Campos<\/a><br \/><a href=\"https:\/\/script.google.com\/macros\/s\/AKfycbww0nsx56IE6ze48ivM1OreRuvIdHP9flHwYKDJGTEIxCsadnQXVEw0buhy5w8pI8A\/exec\">CM de S\u00e3o Paulo<\/a><br \/><a href=\"https:\/\/script.google.com\/macros\/s\/AKfycbxG5LU-scdLfQ1QGE658SVGJkuhpiQJ2VbYFTP2oPVErOcO21vMyu5RzfrpoYoxDdZv\/exec\">CM de Teresina<\/a><br \/><a href=\"https:\/\/script.google.com\/macros\/s\/AKfycbx-cssEt3JZ3NMuFMBSZdsbVf0oyqqxu4lgV3G4w-b63iN305M5zMGO1z2gQdzuCAyaeA\/exec\">CM de Uberaba<\/a><br \/><a href=\"https:\/\/script.google.com\/macros\/s\/AKfycbxsPXVxuoU26A2X8uksqYuWhXk0vFV8VV7WpRr-UsU9FRpJiMsYPaFHKdL7gPsTqYSkqQ\/exec\">CM de Volta Redonda<\/a><\/h5><\/div>\n\t\t\t\t\t\t\t\t\t<div class=\"elementor-tab-title elementor-tab-mobile-title\" aria-selected=\"false\" data-tab=\"3\" role=\"tab\" tabindex=\"-1\" aria-controls=\"elementor-tab-content-1593\" aria-expanded=\"false\">Estados<\/div>\n\t\t\t\t\t<div id=\"elementor-tab-content-1593\" class=\"elementor-tab-content elementor-clearfix\" data-tab=\"3\" role=\"tabpanel\" aria-labelledby=\"elementor-tab-title-1593\" tabindex=\"0\" hidden=\"hidden\"><h5><a href=\"https:\/\/script.google.com\/macros\/s\/AKfycbz_9rBXq4ci0VdMv268jBoLbibP4UeJqerr0BDuo3rGqVuzAelNofwsSN3TyjxkhZWr\/exec\">Alagoas<\/a><br \/><a href=\"https:\/\/script.google.com\/macros\/s\/AKfycbw7BEOW3RcPHcBtqwWxKhmYL3K5gl1myy-S49RxBffSizAoawRmlM2aH5e93ecnXfOOlw\/exec\">Amazonas<\/a><br \/><a href=\"https:\/\/script.google.com\/macros\/s\/AKfycbwqs2tIqEkRL7AjITjssksLOjXp1GMMFyS3XngjIaSwbQPZ-ploQSiVeMX5MH7GfrlF\/exec\">Bahia<\/a><br \/><a href=\"https:\/\/script.google.com\/macros\/s\/AKfycbyx0B4LGnKtBunqpBwCKvFcAk2luGamscqwUKpyc7kcyriTZWXfhyWJeLNEC8fBrhfS\/exec\">Cear\u00e1<\/a><br \/><a href=\"https:\/\/script.google.com\/macros\/s\/AKfycbxdUYFBMPWMOSLniDlY7vCEXOjh7QqQ0lQuFT2qql87OqqhBI_aW2LvVyVhs90VDK7qdw\/exec\">Distrito Federal<\/a><br \/><a href=\"https:\/\/script.google.com\/macros\/s\/AKfycbxIYLcCOUbm7-V_kmqIjUtC6KGBcJ_q4Zc0XedVzL0oZF_q5m8eufWzjq0MbxkiUle0\/exec\">Esp\u00edrito Santo<\/a><br \/><a href=\"https:\/\/script.google.com\/macros\/s\/AKfycbwNhOWA-vG7uwn9PmHuUzhJbH7Nzc1oRiE7WcRW3FZbLtzDMWUqcyODO6rMcttY4XdNdw\/exec\">Goi\u00e1s<\/a><br \/><a href=\"https:\/\/script.google.com\/macros\/s\/AKfycbyv__MxeaqwXrdVsX97gDWY1gDfxWQWVC-HnROuTdZh1dlVT9O0TYaGzO_izlhNX8lv\/exec\">Maranh\u00e3o<\/a><br \/><a href=\"https:\/\/script.google.com\/macros\/s\/AKfycbzo4ZRbCfUUB53-FkKXk0St1G_1JIcM9w8lDYMfQamsghjIjjB1kaKevV_Yso0pWNc_jg\/exec\">Mato Grosso<\/a><br \/><a href=\"https:\/\/script.google.com\/macros\/s\/AKfycbxUox7BlI9Gs8ZKPFVkSO02IRCBK3Bief5WJnOEK0HKKofH6He-dUXRfLy_TrchmtjI\/exec\">Mato Grosso do Sul<\/a><br \/><a href=\"https:\/\/script.google.com\/macros\/s\/AKfycbwwdA4eXLcIqcRcZ5G-YI7xPHimybHs-I3HU3gf3ZO8_qUxuvDAU_r8IroVfVAxP45WHA\/exec\">Minas Gerais<\/a><br \/><a href=\"https:\/\/script.google.com\/macros\/s\/AKfycbwcgO4fLfStQV14FPirbkbNcVL63Xmc8EuUgrbrc71au8py-T1son_PHNxC5In8W63z\/exec\">Par\u00e1<\/a><br \/><a href=\"https:\/\/script.google.com\/macros\/s\/AKfycbwKo_4SdrKK93LTT6I2Cv6WALOlzOCnDyeM4Fo0DR2j0a7WFSkxicJDX1v4ZxldwQPW\/exec\">Para\u00edba<\/a><br \/><a href=\"https:\/\/script.google.com\/macros\/s\/AKfycbzVZ1v6k0z3tPy0sYrOzWPbPNCZ_KoTduFSJC8tZ5-aTy_RTAWzdLKa8Ibor436fcVf\/exec\">Paran\u00e1<\/a><br \/><a href=\"https:\/\/script.google.com\/macros\/s\/AKfycbySfgruNiWcS1qpvLD7D5W-tB-iMnfOqqiKqmj30abDbMZOz-fgmMuGXchwCQhjkiGW\/exec\">Pernambuco<\/a><br \/><a href=\"https:\/\/script.google.com\/macros\/s\/AKfycbyPsrQdjOGUaSKG90ps83qeiYSCpa4f1uwK9069ATQpf_0LqwFXpe-AmDi8Qxe_h129\/exec\">Piau\u00ed<\/a><br \/><a href=\"https:\/\/script.google.com\/macros\/s\/AKfycbw_L_jhOturSzFYCKuLhqTark3CEZzKEV3HK6uP3QNd_QtTITHk6C_2qkN-Hi_7Jvyz\/exec\">Rio de Janeiro<\/a><br \/><a href=\"https:\/\/script.google.com\/macros\/s\/AKfycbx22ae6N-bdGXh5pYMVLf4a81yAwO6uCY0_S2QUASDGoHnnhWPLwUvXilRR6mSfVq1-\/exec\">Rio Grande do Norte<\/a><br \/><a href=\"https:\/\/script.google.com\/macros\/s\/AKfycbxAQ81yk4fttGrwT1-aznxdQGwk2s4a0vG45ZIDa0BpPcKuJohyw77kdghMGtK_N_gF\/exec\">Rio Grande do Sul<\/a><br \/><a href=\"https:\/\/script.google.com\/macros\/s\/AKfycby24AmX2amgt2epFCFA_qHJVBp94tXvXjSYWs8HXWV3bk_6BWWgs6CL6F2v3F7o6Ew3Yg\/exec\">Santa Catarina<\/a><br \/><a href=\"https:\/\/script.google.com\/macros\/s\/AKfycbxqDO6EcNHTzQkv0yUZLzZAjcjKgx9TZ3kxT8hGJ_AotU1b3aDJMj2gArli1Z6061th\/exec\">S\u00e3o Paulo<\/a><br \/><a href=\"https:\/\/script.google.com\/macros\/s\/AKfycbz5wOwsw8-ulWBa5bool822hk1EDt1IpRK7DlUY2I4b0gYH0w8b3pDxXIkCRwYfvydD\/exec\">Tocantins<\/a><\/h5><\/div>\n\t\t\t\t\t\t\t\t\t<div class=\"elementor-tab-title elementor-tab-mobile-title\" aria-selected=\"false\" data-tab=\"4\" role=\"tab\" tabindex=\"-1\" aria-controls=\"elementor-tab-content-1594\" aria-expanded=\"false\">CCA<\/div>\n\t\t\t\t\t<div id=\"elementor-tab-content-1594\" class=\"elementor-tab-content elementor-clearfix\" data-tab=\"4\" role=\"tabpanel\" aria-labelledby=\"elementor-tab-title-1594\" tabindex=\"0\" hidden=\"hidden\"><h5><a href=\"https:\/\/script.google.com\/macros\/s\/AKfycbwjmO3vWwZiw0MfjoPCRzOAnUOEbFa6ElYnMziFWBrT9cFFHaCcgz_DddIVaCRRJ4n8\/exec\">Pesquisar CCA por Conselho Metropolitano<\/a><\/h5><h5><a href=\"https:\/\/script.google.com\/macros\/s\/AKfycbzuYX1etSDtIJLFCbrRvIRiRZtO327C4RMwcKCmOid3d1UshDaQu5Dn0vZgVJ9HT7w\/exec\">Pesquisar CCA por Estados<\/a><\/h5><\/div>\n\t\t\t\t\t\t\t<\/div>\n\t\t<\/div>\n\t\t\t\t\t\t<\/div>\n\t\t\t\t<\/div>\n\t\t\t\t\t<\/div>\n\t\t<\/div>\n\t\t\t\t\t<\/div>\n\t\t<\/section>\n\t\t\t\t<\/div>\n\t\t","protected":false},"excerpt":{"rendered":"<p>Confer\u00eancias Vicentinas no Brasil Adicionar Confer\u00eancia Atualizar\/Excluir Confer\u00eancia Apresenta\u00e7\u00e3o Conselhos Estados CCA Apresenta\u00e7\u00e3o Encontre 811 Confer\u00eancias em 222 cidades no site No Brasil,\u00a0o pa\u00eds com mais vicentinos no mundo, s\u00e3o mais de 122 mil confrades e cons\u00f3cias, em 15.935 Confer\u00eancias. Hoje em dia, a SSVP est\u00e1 presente em 155 pa\u00edses, conta com 800.000 s\u00f3cios agrupados [&hellip;]<\/p>\n","protected":false},"author":1,"featured_media":0,"parent":0,"menu_order":0,"comment_status":"closed","ping_status":"closed","template":"","meta":{"_eb_attr":"","om_disable_all_campaigns":false,"_monsterinsights_skip_tracking":false,"_monsterinsights_sitenote_active":false,"_monsterinsights_sitenote_note":"","_monsterinsights_sitenote_category":0,"_uf_show_specific_survey":0,"_uf_disable_surveys":false,"site-sidebar-layout":"no-sidebar","site-content-layout":"page-builder","ast-site-content-layout":"full-width-container","site-content-style":"unboxed","site-sidebar-style":"unboxed","ast-global-header-display":"","ast-banner-title-visibility":"","ast-main-header-display":"","ast-hfb-above-header-display":"","ast-hfb-below-header-display":"","ast-hfb-mobile-header-display":"","site-post-title":"disabled","ast-breadcrumbs-content":"","ast-featured-img":"disabled","footer-sml-layout":"","theme-transparent-header-meta":"default","adv-header-id-meta":"","stick-header-meta":"","header-above-stick-meta":"","header-main-stick-meta":"","header-below-stick-meta":"","astra-migrate-meta-layouts":"set","ast-page-background-enabled":"default","ast-page-background-meta":{"desktop":{"background-color":"","background-image":"","background-repeat":"repeat","background-position":"center center","background-size":"auto","background-attachment":"scroll","background-type":"","background-media":"","overlay-type":"","overlay-color":"","overlay-opacity":"","overlay-gradient":""},"tablet":{"background-color":"","background-image":"","background-repeat":"repeat","background-position":"center center","background-size":"auto","background-attachment":"scroll","background-type":"","background-media":"","overlay-type":"","overlay-color":"","overlay-opacity":"","overlay-gradient":""},"mobile":{"background-color":"","background-image":"","background-repeat":"repeat","background-position":"center center","background-size":"auto","background-attachment":"scroll","background-type":"","background-media":"","overlay-type":"","overlay-color":"","overlay-opacity":"","overlay-gradient":""}},"ast-content-background-meta":{"desktop":{"background-color":"var(--ast-global-color-5)","background-image":"","background-repeat":"repeat","background-position":"center center","background-size":"auto","background-attachment":"scroll","background-type":"","background-media":"","overlay-type":"","overlay-color":"","overlay-opacity":"","overlay-gradient":""},"tablet":{"background-color":"var(--ast-global-color-5)","background-image":"","background-repeat":"repeat","background-position":"center center","background-size":"auto","background-attachment":"scroll","background-type":"","background-media":"","overlay-type":"","overlay-color":"","overlay-opacity":"","overlay-gradient":""},"mobile":{"background-color":"var(--ast-global-color-5)","background-image":"","background-repeat":"repeat","background-position":"center center","background-size":"auto","background-attachment":"scroll","background-type":"","background-media":"","overlay-type":"","overlay-color":"","overlay-opacity":"","overlay-gradient":""}},"footnotes":""},"class_list":["post-12","page","type-page","status-publish","hentry"],"aioseo_notices":[],"_links":{"self":[{"href":"https:\/\/painelvicentino.com.br\/index.php?rest_route=\/wp\/v2\/pages\/12","targetHints":{"allow":["GET"]}}],"collection":[{"href":"https:\/\/painelvicentino.com.br\/index.php?rest_route=\/wp\/v2\/pages"}],"about":[{"href":"https:\/\/painelvicentino.com.br\/index.php?rest_route=\/wp\/v2\/types\/page"}],"author":[{"embeddable":true,"href":"https:\/\/painelvicentino.com.br\/index.php?rest_route=\/wp\/v2\/users\/1"}],"replies":[{"embeddable":true,"href":"https:\/\/painelvicentino.com.br\/index.php?rest_route=%2Fwp%2Fv2%2Fcomments&post=12"}],"version-history":[{"count":639,"href":"https:\/\/painelvicentino.com.br\/index.php?rest_route=\/wp\/v2\/pages\/12\/revisions"}],"predecessor-version":[{"id":4356,"href":"https:\/\/painelvicentino.com.br\/index.php?rest_route=\/wp\/v2\/pages\/12\/revisions\/4356"}],"wp:attachment":[{"href":"https:\/\/painelvicentino.com.br\/index.php?rest_route=%2Fwp%2Fv2%2Fmedia&parent=12"}],"curies":[{"name":"wp","href":"https:\/\/api.w.org\/{rel}","templated":true}]}}