{"id":1511,"date":"2020-04-11T01:06:28","date_gmt":"2020-04-11T01:06:28","guid":{"rendered":"http:\/\/painelvicentino.com.br\/?page_id=1511"},"modified":"2024-10-30T14:30:24","modified_gmt":"2024-10-30T14:30:24","slug":"biblia","status":"publish","type":"page","link":"https:\/\/painelvicentino.com.br\/?page_id=1511","title":{"rendered":"B\u00edblia"},"content":{"rendered":"\t\t<div data-elementor-type=\"wp-page\" data-elementor-id=\"1511\" class=\"elementor elementor-1511\">\n\t\t\t\t\t\t<section class=\"elementor-section elementor-top-section elementor-element elementor-element-89df149 elementor-section-boxed elementor-section-height-default elementor-section-height-default\" data-id=\"89df149\" data-element_type=\"section\" data-e-type=\"section\">\n\t\t\t\t\t\t<div class=\"elementor-container elementor-column-gap-default\">\n\t\t\t\t\t<div class=\"elementor-column elementor-col-33 elementor-top-column elementor-element elementor-element-6627594\" data-id=\"6627594\" data-element_type=\"column\" data-e-type=\"column\">\n\t\t\t<div class=\"elementor-widget-wrap\">\n\t\t\t\t\t\t\t<\/div>\n\t\t<\/div>\n\t\t\t\t<div class=\"elementor-column elementor-col-33 elementor-top-column elementor-element elementor-element-d4c80e7\" data-id=\"d4c80e7\" data-element_type=\"column\" data-e-type=\"column\">\n\t\t\t<div class=\"elementor-widget-wrap elementor-element-populated\">\n\t\t\t\t\t\t<div class=\"elementor-element elementor-element-ef39d0a elementor-position-top elementor-widget elementor-widget-image-box\" data-id=\"ef39d0a\" data-element_type=\"widget\" data-e-type=\"widget\" data-widget_type=\"image-box.default\">\n\t\t\t\t<div class=\"elementor-widget-container\">\n\t\t\t\t\t<div class=\"elementor-image-box-wrapper\"><figure class=\"elementor-image-box-img\"><img decoding=\"async\" width=\"200\" height=\"200\" src=\"https:\/\/painelvicentino.com.br\/wp-content\/uploads\/2020\/04\/biblia_2-Copia.jpg\" class=\"attachment-full size-full wp-image-1208\" alt=\"\" srcset=\"https:\/\/painelvicentino.com.br\/wp-content\/uploads\/2020\/04\/biblia_2-Copia.jpg 200w, https:\/\/painelvicentino.com.br\/wp-content\/uploads\/2020\/04\/biblia_2-Copia-150x150.jpg 150w\" sizes=\"(max-width: 200px) 100vw, 200px\" \/><\/figure><div class=\"elementor-image-box-content\"><h5 class=\"elementor-image-box-title\">B\u00edblia Sagrada<\/h5><\/div><\/div>\t\t\t\t<\/div>\n\t\t\t\t<\/div>\n\t\t\t\t\t<\/div>\n\t\t<\/div>\n\t\t\t\t<div class=\"elementor-column elementor-col-33 elementor-top-column elementor-element elementor-element-6ce64bb\" data-id=\"6ce64bb\" data-element_type=\"column\" data-e-type=\"column\">\n\t\t\t<div class=\"elementor-widget-wrap\">\n\t\t\t\t\t\t\t<\/div>\n\t\t<\/div>\n\t\t\t\t\t<\/div>\n\t\t<\/section>\n\t\t\t\t<section class=\"elementor-section elementor-top-section elementor-element elementor-element-bd9e15a elementor-section-boxed elementor-section-height-default elementor-section-height-default\" data-id=\"bd9e15a\" data-element_type=\"section\" data-e-type=\"section\">\n\t\t\t\t\t\t<div class=\"elementor-container elementor-column-gap-default\">\n\t\t\t\t\t<div class=\"elementor-column elementor-col-100 elementor-top-column elementor-element elementor-element-40f4c96\" data-id=\"40f4c96\" data-element_type=\"column\" data-e-type=\"column\">\n\t\t\t<div class=\"elementor-widget-wrap elementor-element-populated\">\n\t\t\t\t\t\t<div class=\"elementor-element elementor-element-8fa7842 elementor-widget elementor-widget-text-editor\" data-id=\"8fa7842\" data-element_type=\"widget\" data-e-type=\"widget\" data-widget_type=\"text-editor.default\">\n\t\t\t\t<div class=\"elementor-widget-container\">\n\t\t\t\t\t\t\t\t\t<h4 style=\"text-align: center;\"><span style=\"color: #ffffff;\">Os n\u00fameros na B\u00edblia<\/span><\/h4>\t\t\t\t\t\t\t\t<\/div>\n\t\t\t\t<\/div>\n\t\t\t\t<div class=\"elementor-element elementor-element-7be4c70 elementor-tabs-view-horizontal elementor-widget elementor-widget-tabs\" data-id=\"7be4c70\" data-element_type=\"widget\" data-e-type=\"widget\" data-widget_type=\"tabs.default\">\n\t\t\t\t<div class=\"elementor-widget-container\">\n\t\t\t\t\t\t\t<div class=\"elementor-tabs\">\n\t\t\t<div class=\"elementor-tabs-wrapper\" role=\"tablist\" >\n\t\t\t\t\t\t\t\t\t<div id=\"elementor-tab-title-1291\" class=\"elementor-tab-title elementor-tab-desktop-title\" aria-selected=\"true\" data-tab=\"1\" role=\"tab\" tabindex=\"0\" aria-controls=\"elementor-tab-content-1291\" aria-expanded=\"false\">O n\u00famero 3<\/div>\n\t\t\t\t\t\t\t\t\t<div id=\"elementor-tab-title-1292\" class=\"elementor-tab-title elementor-tab-desktop-title\" aria-selected=\"false\" data-tab=\"2\" role=\"tab\" tabindex=\"-1\" aria-controls=\"elementor-tab-content-1292\" aria-expanded=\"false\">O n\u00famero 7<\/div>\n\t\t\t\t\t\t\t\t\t<div id=\"elementor-tab-title-1293\" class=\"elementor-tab-title elementor-tab-desktop-title\" aria-selected=\"false\" data-tab=\"3\" role=\"tab\" tabindex=\"-1\" aria-controls=\"elementor-tab-content-1293\" aria-expanded=\"false\">O n\u00famero 10<\/div>\n\t\t\t\t\t\t\t\t\t<div id=\"elementor-tab-title-1294\" class=\"elementor-tab-title elementor-tab-desktop-title\" aria-selected=\"false\" data-tab=\"4\" role=\"tab\" tabindex=\"-1\" aria-controls=\"elementor-tab-content-1294\" aria-expanded=\"false\">O n\u00famero 12<\/div>\n\t\t\t\t\t\t\t\t\t<div id=\"elementor-tab-title-1295\" class=\"elementor-tab-title elementor-tab-desktop-title\" aria-selected=\"false\" data-tab=\"5\" role=\"tab\" tabindex=\"-1\" aria-controls=\"elementor-tab-content-1295\" aria-expanded=\"false\">O n\u00famero 40<\/div>\n\t\t\t\t\t\t\t<\/div>\n\t\t\t<div class=\"elementor-tabs-content-wrapper\" role=\"tablist\" aria-orientation=\"vertical\">\n\t\t\t\t\t\t\t\t\t<div class=\"elementor-tab-title elementor-tab-mobile-title\" aria-selected=\"true\" data-tab=\"1\" role=\"tab\" tabindex=\"0\" aria-controls=\"elementor-tab-content-1291\" aria-expanded=\"false\">O n\u00famero 3<\/div>\n\t\t\t\t\t<div id=\"elementor-tab-content-1291\" class=\"elementor-tab-content elementor-clearfix\" data-tab=\"1\" role=\"tabpanel\" aria-labelledby=\"elementor-tab-title-1291\" tabindex=\"0\" hidden=\"false\"><ul><li id=\"h.ikyl3qupb71u\" class=\"zfr3Q OmQG5e\" dir=\"ltr\"><h6>Os tr\u00eas filhos de No\u00e9 (Gn 6,10)<\/h6><\/li><li id=\"h.6xvmdt6g4bqa\" class=\"zfr3Q OmQG5e\" dir=\"ltr\"><h6>Os tr\u00eas amigos de J\u00f3 (2, 11)<\/h6><\/li><li id=\"h.8ey6hnlghnak\" class=\"zfr3Q OmQG5e\" dir=\"ltr\"><h6>Os tr\u00eas companheiros de Daniel (3, 23)<\/h6><\/li><li id=\"h.hjb4wzr5sww1\" class=\"zfr3Q OmQG5e\" dir=\"ltr\"><h6>Os tr\u00eas anjos que apareceram a Abra\u00e3o (Gn 18,2)<\/h6><\/li><li id=\"h.soz1xv31zlzm\" class=\"zfr3Q OmQG5e\" dir=\"ltr\"><h6>Os tr\u00eas dias passados por Jonas no ventre do monstro marinho (2, 1)<\/h6><\/li><li id=\"h.a41iazj1axjp\" class=\"zfr3Q OmQG5e\" dir=\"ltr\"><h6>A Sant\u00edssima Trindade: Pai, Filho e Esp\u00edrito Santo<\/h6><\/li><\/ul><\/div>\n\t\t\t\t\t\t\t\t\t<div class=\"elementor-tab-title elementor-tab-mobile-title\" aria-selected=\"false\" data-tab=\"2\" role=\"tab\" tabindex=\"-1\" aria-controls=\"elementor-tab-content-1292\" aria-expanded=\"false\">O n\u00famero 7<\/div>\n\t\t\t\t\t<div id=\"elementor-tab-content-1292\" class=\"elementor-tab-content elementor-clearfix\" data-tab=\"2\" role=\"tabpanel\" aria-labelledby=\"elementor-tab-title-1292\" tabindex=\"0\" hidden=\"hidden\"><ul class=\"n8H08c UVNKR\">\n \t<li class=\"TYR86d zfr3Q OmQG5e\" dir=\"ltr\">\n<h6 id=\"h.c4t06uqunmze\" class=\"zfr3Q OmQG5e\" dir=\"ltr\">A semana tem <strong>SETE<\/strong> dias.<\/h6>\n<\/li>\n \t<li class=\"TYR86d zfr3Q OmQG5e\" dir=\"ltr\">\n<h6 id=\"h.guwcr8ucd4m\" class=\"zfr3Q OmQG5e\" dir=\"ltr\">Os Sacramentos s\u00e3o <strong>SETE<\/strong><strong>. <\/strong><\/h6>\n<\/li>\n \t<li class=\"TYR86d zfr3Q OmQG5e\" dir=\"ltr\">\n<h6 id=\"h.wpf2zzrwk1d9\" class=\"zfr3Q OmQG5e\" dir=\"ltr\">Os dons infusos do Esp\u00edrito Santo s\u00e3o <strong>SETE<\/strong><strong>. <\/strong><\/h6>\n<\/li>\n \t<li class=\"TYR86d zfr3Q OmQG5e\" dir=\"ltr\">\n<h6 id=\"h.6dtd2vxzdm1l\" class=\"zfr3Q OmQG5e\" dir=\"ltr\">Em <strong>Apocalipse o n\u00famero <\/strong><strong>SETE<\/strong><strong> aparece v\u00e1rias vezes<\/strong>.<\/h6>\n<\/li>\n \t<li class=\"TYR86d zfr3Q OmQG5e\" dir=\"ltr\">\n<h6 id=\"h.2ccsdtve85vu\" class=\"zfr3Q OmQG5e\" dir=\"ltr\">O<strong>s evangelistas registraram <\/strong>SETE p<strong>alavras que Jesus pronunciou na Cruz antes de morrer.<\/strong><\/h6>\n<\/li>\n<\/ul>\n<h6 id=\"h.yshuhra9mc40\" class=\"zfr3Q OmQG5e\" dir=\"ltr\"><strong>O n\u00famero 7 (sete) <\/strong><strong>significa<\/strong><strong> a totalidade, <\/strong><strong>plenitude,<\/strong><strong> perfei\u00e7\u00e3o &#8230; <\/strong><\/h6>\n<h6 class=\"zfr3Q\" dir=\"ltr\">Segundo o Professor Felipe Aquino os antigos atribuiam ao n\u00famero <strong>sete<\/strong> o significado de totalidade, plenitude e perfei\u00e7\u00e3o. \u00c9 com este sentido que ele ocorre, por exemplo,<\/h6>\n<h6 class=\"zfr3Q\" dir=\"ltr\"><strong>a)<\/strong> nas f\u00f3rmulas de contratos e juramentos: Abra\u00e3o deu a Abimeleque <strong>sete<\/strong> ovelhas como penhor de que cumpriria sua palavra (cf. Gn 21, 30).<\/h6>\n<h6 class=\"zfr3Q\" dir=\"ltr\"><strong>b)<\/strong> sempre que se queira exprimir a totalidade, t\u00e3o grande quanto seja; assim o disc\u00edpulo de Cristo h\u00e1 de perdoar setenta vezes <strong>sete<\/strong> vezes, isto \u00e9, indefinidamente, sempre que haja ocasi\u00e3o para isto (cf. Mt 18, 21s.; Lc 17, 4).<\/h6>\n<h6 class=\"zfr3Q\" dir=\"ltr\">O autor de Prov\u00e9rbios 24, 16 se refere a <strong>sete<\/strong> (=todas) quedas do justo.<\/h6>\n<h6 class=\"zfr3Q\" dir=\"ltr\">Em 2\u00ba Samuel 12, 6 l\u00ea-se que o homem que haja roubado uma ovelha \u00e9 obrigado a restituir sete vezes o valor da ovelha. Subentende-se que se h\u00e1 de fazer a compensa\u00e7\u00e3o cabal, exata do furto cometido.<\/h6>\n<h6 class=\"zfr3Q\" dir=\"ltr\">Em Prov\u00e9rbios 6, 31 est\u00e1 dito que o ladr\u00e3o deve restituir <strong>sete<\/strong> vezes o que roubou.<\/h6>\n<h6 class=\"zfr3Q\" dir=\"ltr\">&#8212;&#8212;&#8212;&#8212;&#8212;&#8212;&#8212;&#8212;&#8212;&#8212;&#8212;&#8212;&#8212;&#8212;&#8212;&#8212;&#8212;-<\/h6>\n<h6 id=\"h.ba0wlxafs11y\" class=\"zfr3Q OmQG5e\" dir=\"ltr\">Vale lembrar:<\/h6>\n<ul class=\"n8H08c UVNKR\">\n \t<li class=\"TYR86d zfr3Q OmQG5e\" dir=\"ltr\">\n<h6 id=\"h.c4t06uqunmze\" class=\"zfr3Q OmQG5e\" dir=\"ltr\">A semana tem <strong>SETE<\/strong> dias. (G\u00eanesis 1)<\/h6>\n<\/li>\n \t<li class=\"TYR86d zfr3Q OmQG5e\" dir=\"ltr\">\n<h6 id=\"h.guwcr8ucd4m\" class=\"zfr3Q OmQG5e\" dir=\"ltr\">Os Sacramentos s\u00e3o <strong>SETE<\/strong>: <strong>batismo (Mt 28,19), confirma\u00e7\u00e3o ou crisma<\/strong> (<strong>At 8, 12-17), eucaristia (Jo 6,48-52), reconcilia\u00e7\u00e3o ou penit\u00eancia<\/strong> <strong>(Jo 20,23 e Tg 5,16), un\u00e7\u00e3o dos enfermos (Mc 6, 13), ordem (Jo 15,16) e matrim\u00f4nio (Mt 19,6). <\/strong><\/h6>\n<\/li>\n \t<li class=\"TYR86d zfr3Q OmQG5e\" dir=\"ltr\">\n<h6 id=\"h.wpf2zzrwk1d9\" class=\"zfr3Q OmQG5e\" dir=\"ltr\">Os dons infusos do Esp\u00edrito Santo s\u00e3o <strong>SETE<\/strong>: <strong>Ci\u00eancia, Entendimento, Sabedoria, Conselho, Piedade, Fortaleza e Temor de Deus. <\/strong><\/h6>\n<\/li>\n \t<li class=\"TYR86d zfr3Q OmQG5e\" dir=\"ltr\">\n<h6 id=\"h.6dtd2vxzdm1l\" class=\"zfr3Q OmQG5e\" dir=\"ltr\">Em <strong>Apocalipse o n\u00famero <\/strong><strong>SETE<\/strong><strong> aparece v\u00e1rias vezes: as <\/strong><strong>sete<\/strong><strong> estrelas&#8230; os sete casti\u00e7ais de ouro&#8230; os <\/strong><strong>sete<\/strong><strong> selos.<\/strong>.. os <strong>sete anjos&#8230; <\/strong>as <strong>sete trombetas.<\/strong>.. as <strong>sete cabe\u00e7as<\/strong>&#8230; as sete igrejas&#8230; os sete candelabros.<\/h6>\n<\/li>\n \t<li class=\"TYR86d zfr3Q OmQG5e\" dir=\"ltr\">\n<h6 id=\"h.2ccsdtve85vu\" class=\"zfr3Q OmQG5e\" dir=\"ltr\">O<strong>s evangelistas registraram &#8220;<\/strong>SETE p<strong>alavras&#8221; que Jesus pronunciou na Cruz, antes de morrer<\/strong>:<\/h6>\n<\/li>\n<\/ul>\n<h6 class=\"zfr3Q\" dir=\"ltr\">. <em>&#8220;Pai, perdoai-os porque eles n\u00e3o sabem o que fazem.&#8221;<\/em> (Lucas 23,34).<\/h6>\n<h6 class=\"zfr3Q\" dir=\"ltr\">. <em>&#8220;Em verdade eu te digo hoje estar\u00e1s comigo no Para\u00edso.&#8221;<\/em> (Lucas 23,43).<\/h6>\n<h6 class=\"zfr3Q\" dir=\"ltr\">. <em>&#8220;Mulher<\/em> Eis a\u00ed o seu filho&#8230;Ent\u00e3o disse ao disc\u00edpulo: Eis a\u00ed tua m\u00e3e&#8230; &#8220;<em> (<\/em><em>Jo\u00e3o 19,26-27<\/em><em>).<\/em><\/h6>\n<h6 class=\"zfr3Q\" dir=\"ltr\">. &#8220;<em>El\u00ed, El\u00ed, lama sabactani? (Deus, meu Deus, por que me abandonaste?)<\/em>&#8221; (Mateus 27,46 e Marcos 15,34).<\/h6>\n<h6 class=\"zfr3Q\" dir=\"ltr\">. <em>&#8220;Tenho sede&#8221;.<\/em> (Jo\u00e3o 19,28).<\/h6>\n<h6 class=\"zfr3Q\" dir=\"ltr\">.<em>&#8220;Tudo est\u00e1 consumado&#8221;<\/em> (Jo\u00e3o 19,30).<\/h6>\n<h6 class=\"zfr3Q\" dir=\"ltr\">. <em>&#8220;Pai, em tuas m\u00e3os entrego meu esp\u00edrito&#8221;.<\/em> (Lucas 23,46)<\/h6><\/div>\n\t\t\t\t\t\t\t\t\t<div class=\"elementor-tab-title elementor-tab-mobile-title\" aria-selected=\"false\" data-tab=\"3\" role=\"tab\" tabindex=\"-1\" aria-controls=\"elementor-tab-content-1293\" aria-expanded=\"false\">O n\u00famero 10<\/div>\n\t\t\t\t\t<div id=\"elementor-tab-content-1293\" class=\"elementor-tab-content elementor-clearfix\" data-tab=\"3\" role=\"tabpanel\" aria-labelledby=\"elementor-tab-title-1293\" tabindex=\"0\" hidden=\"hidden\"><ul class=\"n8H08c UVNKR\">\n \t<li class=\"TYR86d zfr3Q OmQG5e\" dir=\"ltr\">\n<h6 id=\"h.c4t06uqunmze\" class=\"zfr3Q OmQG5e\" dir=\"ltr\">Os DEZ mandamentos.<\/h6>\n<\/li>\n \t<li class=\"TYR86d zfr3Q OmQG5e\" dir=\"ltr\">\n<h6 id=\"h.guwcr8ucd4m\" class=\"zfr3Q OmQG5e\" dir=\"ltr\">A par\u00e1bola das DEZ virgens<strong>. <\/strong><\/h6>\n<\/li>\n \t<li class=\"TYR86d zfr3Q OmQG5e\" dir=\"ltr\">\n<h6 id=\"h.wpf2zzrwk1d9\" class=\"zfr3Q OmQG5e\" dir=\"ltr\">As DEZ par\u00e1bolas de Jesus<strong>. <\/strong><\/h6>\n<\/li>\n \t<li class=\"TYR86d zfr3Q OmQG5e\" dir=\"ltr\">\n<h6 id=\"h.6dtd2vxzdm1l\" class=\"zfr3Q OmQG5e\" dir=\"ltr\">Os DEZ v\u00edcios dos injustos.<\/h6>\n<\/li>\n \t<li class=\"TYR86d zfr3Q OmQG5e\" dir=\"ltr\">\n<h6 id=\"h.2ccsdtve85vu\" class=\"zfr3Q OmQG5e\" dir=\"ltr\">O<strong>s DEZ milagres de Jesus<\/strong><strong>.<\/strong><\/h6>\n<\/li>\n<\/ul>\n<h6 id=\"h.65v3vid9rl7y\" class=\"zfr3Q OmQG5e\" dir=\"ltr\"><strong>O n\u00famero <\/strong>DEZ<strong> tornou-se importante entre os antigos pelo fato de que o homem primitivo, ao contar, recorria aos dedos de suas m\u00e3os<\/strong>.<\/h6>\n<h6 id=\"h.h3afzne28f56\" class=\"zfr3Q OmQG5e\" dir=\"ltr\"><strong>Os <\/strong>DEZ<strong> servos (=um grupo completo), as dez dracmas (= n\u00famero redondo), as dez virgens (= todos os crist\u00e3os), nas par\u00e1bolas de Cristo (Lc 19, 13; 15, 8; Mt 25, 1);<\/strong><\/h6>\n<h6 id=\"h.aakvu7hlspml\" class=\"zfr3Q OmQG5e\" dir=\"ltr\"><strong>O cat\u00e1logo (taxativo, n\u00e3o exaustivo) de dez advers\u00e1rios que n\u00e3o conseguem arrebatar ao crist\u00e3o o amor de Cristo (Rm 8, 38s.);<\/strong><\/h6>\n<h6 id=\"h.b1fwg0hxz5ul\" class=\"zfr3Q OmQG5e\" dir=\"ltr\"><strong>A men\u00e7\u00e3o de <\/strong>DEZ<strong> v\u00edcios dos injustos (n\u00e3o exaustiva), que excluem do reino de Deus (1 Cor 6, 9s);<\/strong><\/h6>\n<h6 id=\"h.p42680pnw8yr\" class=\"zfr3Q OmQG5e\" dir=\"ltr\"><strong>A s\u00e9rie de <\/strong>DEZ<strong> milagres narrados sucessivamente para comprovar a autoridade de Jesus ap\u00f3s o important\u00edssimo serm\u00e3o sobre a montanha (Mt 8s.);<\/strong><\/h6>\n<h6 id=\"h.xvuoaqmddkpr\" class=\"zfr3Q OmQG5e\" dir=\"ltr\"><strong>As\u00a0<\/strong>DEZ<strong>\u00a0prescri\u00e7\u00f5es dirigidas a quem queira subir \u00e0 montanha do Senhor (Sl 14).<\/strong><\/h6><\/div>\n\t\t\t\t\t\t\t\t\t<div class=\"elementor-tab-title elementor-tab-mobile-title\" aria-selected=\"false\" data-tab=\"4\" role=\"tab\" tabindex=\"-1\" aria-controls=\"elementor-tab-content-1294\" aria-expanded=\"false\">O n\u00famero 12<\/div>\n\t\t\t\t\t<div id=\"elementor-tab-content-1294\" class=\"elementor-tab-content elementor-clearfix\" data-tab=\"4\" role=\"tabpanel\" aria-labelledby=\"elementor-tab-title-1294\" tabindex=\"0\" hidden=\"hidden\"><ul>\n<li dir=\"ltr\">\n<h6 dir=\"ltr\"><strong>DOZE Tribos de Israel.<\/strong><\/h6>\n<\/li>\n<li dir=\"ltr\">\n<h6 dir=\"ltr\"><strong>O ano tem DOZE meses.<\/strong><\/h6>\n<\/li>\n<li dir=\"ltr\">\n<h6 dir=\"ltr\"><strong><span style=\"font-size: 15px; font-style: normal; font-weight: 700;\">DOZE Ap\u00f3stolos escolhidos pelo Senhor.<\/span><br><\/strong><\/h6>\n<\/li>\n<li dir=\"ltr\">\n<h6 dir=\"ltr\"><strong>Jesus foi a Jerusal\u00e9m aos DOZE anos de idade.<\/strong><\/h6>\n<\/li>\n<li dir=\"ltr\">\n<h6 dir=\"ltr\">Jesus curou a mulher que tinha um fluxo de sangue havia DOZE anos.<br><\/h6>\n<\/li>\n<li dir=\"ltr\">\n<h6 dir=\"ltr\">Jesus reanimou da morte a filha de Jairo, que tinha DOZE anos de idade.<\/h6>\n<\/li>\n<li dir=\"ltr\">\n<h6 dir=\"ltr\">Depois de cinco mil pessoas terem se alimentado, as sobras dos cinco p\u00e3es e dois peixes encheram DOZE cestos.<br><\/h6>\n<\/li>\n<li dir=\"ltr\">\n<h6 dir=\"ltr\">Em Apocalipse fala da Mulher revestida do sol e na cabe\u00e7a uma coroa de DOZE estrelas.<\/h6>\n<\/li>\n<li dir=\"ltr\">\n<h6 dir=\"ltr\">Mois\u00e9s enviou DOZE homens para explorar a terra de Cana\u00e3.<\/h6>\n<\/li>\n<li dir=\"ltr\">\n<h6 dir=\"ltr\">Elias usou DOZE pedras para construir um altar ao Senhor.<\/h6>\n<\/li>\n<\/ul>\n<h6 dir=\"ltr\">Na Sagrada Escritura, o n\u00famero doze \u00e9 b\u00e1sico para a hist\u00f3ria do povo de Deus. Este constava de doze tribos.<\/h6><h6 dir=\"ltr\">Representa a uni\u00e3o permanente do Criador (Deus) com sua criatura (o homem).<\/h6><\/div>\n\t\t\t\t\t\t\t\t\t<div class=\"elementor-tab-title elementor-tab-mobile-title\" aria-selected=\"false\" data-tab=\"5\" role=\"tab\" tabindex=\"-1\" aria-controls=\"elementor-tab-content-1295\" aria-expanded=\"false\">O n\u00famero 40<\/div>\n\t\t\t\t\t<div id=\"elementor-tab-content-1295\" class=\"elementor-tab-content elementor-clearfix\" data-tab=\"5\" role=\"tabpanel\" aria-labelledby=\"elementor-tab-title-1295\" tabindex=\"0\" hidden=\"hidden\"><ul class=\"n8H08c UVNKR\">\n \t<li class=\"TYR86d zfr3Q OmQG5e\" dir=\"ltr\">\n<h6 id=\"h.qymqr8hwzflw\" class=\"zfr3Q OmQG5e\" dir=\"ltr\"><strong>Deus fez chover 40 dias e 40 noites nos tempos de No\u00e9 (G\u00eanesis 7,4);<\/strong><\/h6>\n<\/li>\n \t<li class=\"TYR86d zfr3Q OmQG5e\" dir=\"ltr\">\n<h6 id=\"h.jl50hhpb0z9a\" class=\"zfr3Q OmQG5e\" dir=\"ltr\"><strong>Mois\u00e9s passou 40 dias de jejum no Monte Sinai, a s\u00f3s com Deus (\u00caxodo 24,18);<\/strong><\/h6>\n<\/li>\n \t<li class=\"TYR86d zfr3Q OmQG5e\" dir=\"ltr\">\n<h6 id=\"h.vpaen89cnx04\" class=\"zfr3Q OmQG5e\" dir=\"ltr\"><strong>O povo de Israel passou 40 anos em \u00eaxodo pelo deserto rumo \u00e0 Terra Prometida (N\u00fameros 14,33);<\/strong><\/h6>\n<\/li>\n \t<li class=\"TYR86d zfr3Q OmQG5e\" dir=\"ltr\">\n<h6 id=\"h.q28faf3rs6qu\" class=\"zfr3Q OmQG5e\" dir=\"ltr\"><strong>Elias passou 40 dias e 40 noites caminhando at\u00e9 o Monte Horeb (1 Reis 19,8);<\/strong><\/h6>\n<\/li>\n \t<li class=\"TYR86d zfr3Q OmQG5e\" dir=\"ltr\">\n<h6 id=\"h.lmjdc0fxjgok\" class=\"zfr3Q OmQG5e\" dir=\"ltr\"><strong>Israel viveu 40 anos de paz sob os ju\u00edzes (Ju\u00edzes 3,11);<\/strong><\/h6>\n<\/li>\n \t<li class=\"TYR86d zfr3Q OmQG5e\" dir=\"ltr\">\n<h6 id=\"h.hbm6suje03lv\" class=\"zfr3Q OmQG5e\" dir=\"ltr\"><strong>Duraram 40 anos os reinados de Saul (Atos 13,21), Davi (II Samuel 5,4-5) e Salom\u00e3o (I Reis 11,42), os tr\u00eas primeiros reis de Israel;<\/strong><\/h6>\n<\/li>\n \t<li class=\"TYR86d zfr3Q OmQG5e\" dir=\"ltr\">\n<h6 id=\"h.2sn1cor5j1jv\" class=\"zfr3Q OmQG5e\" dir=\"ltr\"><strong>Jonas profetizou 40 dias de julgamento para que N\u00ednive se arrependesse (Jonas 3,4);<\/strong><\/h6>\n<\/li>\n \t<li class=\"TYR86d zfr3Q OmQG5e\" dir=\"ltr\">\n<h6 id=\"h.s1j812ofrfy6\" class=\"zfr3Q OmQG5e\" dir=\"ltr\"><strong>Jesus foi levado por Maria e Jos\u00e9 ao templo 40 dias ap\u00f3s Seu nascimento (Lucas 2,22);<\/strong><\/h6>\n<\/li>\n \t<li class=\"TYR86d zfr3Q OmQG5e\" dir=\"ltr\">\n<h6 id=\"h.4ysmqqsabp8w\" class=\"zfr3Q OmQG5e\" dir=\"ltr\"><strong>Jesus jejuou durante 40 dias no deserto, onde foi tentado pelo dem\u00f4nio (Mateus 4,1\u20132; Marcos 1,12\u201313; Lucas 4,1\u20132);<\/strong><\/h6>\n<\/li>\n \t<li class=\"TYR86d zfr3Q OmQG5e\" dir=\"ltr\">\n<h6 id=\"h.s053kqw7p1ya\" class=\"zfr3Q OmQG5e\" dir=\"ltr\"><strong>Durante 40 dias, Jesus ressuscitado instruiu os disc\u00edpulos antes de subir ao C\u00e9u e enviar o Esp\u00edrito Santo (Atos 1,1-3).<\/strong><\/h6>\n<\/li>\n<\/ul>\n<h6 id=\"h.20q0c79atkdr\" class=\"zfr3Q OmQG5e\" dir=\"ltr\">Na<strong>s Sagradas Escrituras, h\u00e1 uma frequente rela\u00e7\u00e3o entre o n\u00famero 40 e per\u00edodos de prepara\u00e7\u00e3o, expectativa e mudan\u00e7a.<\/strong><\/h6><\/div>\n\t\t\t\t\t\t\t<\/div>\n\t\t<\/div>\n\t\t\t\t\t\t<\/div>\n\t\t\t\t<\/div>\n\t\t\t\t\t<\/div>\n\t\t<\/div>\n\t\t\t\t\t<\/div>\n\t\t<\/section>\n\t\t\t\t<\/div>\n\t\t","protected":false},"excerpt":{"rendered":"<p>B\u00edblia Sagrada Os n\u00fameros na B\u00edblia O n\u00famero 3 O n\u00famero 7 O n\u00famero 10 O n\u00famero 12 O n\u00famero 40 O n\u00famero 3 Os tr\u00eas filhos de No\u00e9 (Gn 6,10) Os tr\u00eas amigos de J\u00f3 (2, 11) Os tr\u00eas companheiros de Daniel (3, 23) Os tr\u00eas anjos que apareceram a Abra\u00e3o (Gn 18,2) Os [&hellip;]<\/p>\n","protected":false},"author":1,"featured_media":0,"parent":0,"menu_order":0,"comment_status":"closed","ping_status":"closed","template":"","meta":{"_eb_attr":"","om_disable_all_campaigns":false,"_monsterinsights_skip_tracking":false,"_monsterinsights_sitenote_active":false,"_monsterinsights_sitenote_note":"","_monsterinsights_sitenote_category":0,"_uf_show_specific_survey":0,"_uf_disable_surveys":false,"site-sidebar-layout":"no-sidebar","site-content-layout":"page-builder","ast-site-content-layout":"default","site-content-style":"default","site-sidebar-style":"default","ast-global-header-display":"","ast-banner-title-visibility":"","ast-main-header-display":"","ast-hfb-above-header-display":"","ast-hfb-below-header-display":"","ast-hfb-mobile-header-display":"","site-post-title":"disabled","ast-breadcrumbs-content":"","ast-featured-img":"disabled","footer-sml-layout":"disabled","theme-transparent-header-meta":"default","adv-header-id-meta":"","stick-header-meta":"","header-above-stick-meta":"","header-main-stick-meta":"","header-below-stick-meta":"","astra-migrate-meta-layouts":"default","ast-page-background-enabled":"default","ast-page-background-meta":{"desktop":{"background-color":"","background-image":"","background-repeat":"repeat","background-position":"center center","background-size":"auto","background-attachment":"scroll","background-type":"","background-media":"","overlay-type":"","overlay-color":"","overlay-opacity":"","overlay-gradient":""},"tablet":{"background-color":"","background-image":"","background-repeat":"repeat","background-position":"center center","background-size":"auto","background-attachment":"scroll","background-type":"","background-media":"","overlay-type":"","overlay-color":"","overlay-opacity":"","overlay-gradient":""},"mobile":{"background-color":"","background-image":"","background-repeat":"repeat","background-position":"center center","background-size":"auto","background-attachment":"scroll","background-type":"","background-media":"","overlay-type":"","overlay-color":"","overlay-opacity":"","overlay-gradient":""}},"ast-content-background-meta":{"desktop":{"background-color":"var(--ast-global-color-5)","background-image":"","background-repeat":"repeat","background-position":"center center","background-size":"auto","background-attachment":"scroll","background-type":"","background-media":"","overlay-type":"","overlay-color":"","overlay-opacity":"","overlay-gradient":""},"tablet":{"background-color":"var(--ast-global-color-5)","background-image":"","background-repeat":"repeat","background-position":"center center","background-size":"auto","background-attachment":"scroll","background-type":"","background-media":"","overlay-type":"","overlay-color":"","overlay-opacity":"","overlay-gradient":""},"mobile":{"background-color":"var(--ast-global-color-5)","background-image":"","background-repeat":"repeat","background-position":"center center","background-size":"auto","background-attachment":"scroll","background-type":"","background-media":"","overlay-type":"","overlay-color":"","overlay-opacity":"","overlay-gradient":""}},"footnotes":""},"class_list":["post-1511","page","type-page","status-publish","hentry"],"aioseo_notices":[],"_links":{"self":[{"href":"https:\/\/painelvicentino.com.br\/index.php?rest_route=\/wp\/v2\/pages\/1511","targetHints":{"allow":["GET"]}}],"collection":[{"href":"https:\/\/painelvicentino.com.br\/index.php?rest_route=\/wp\/v2\/pages"}],"about":[{"href":"https:\/\/painelvicentino.com.br\/index.php?rest_route=\/wp\/v2\/types\/page"}],"author":[{"embeddable":true,"href":"https:\/\/painelvicentino.com.br\/index.php?rest_route=\/wp\/v2\/users\/1"}],"replies":[{"embeddable":true,"href":"https:\/\/painelvicentino.com.br\/index.php?rest_route=%2Fwp%2Fv2%2Fcomments&post=1511"}],"version-history":[{"count":62,"href":"https:\/\/painelvicentino.com.br\/index.php?rest_route=\/wp\/v2\/pages\/1511\/revisions"}],"predecessor-version":[{"id":4123,"href":"https:\/\/painelvicentino.com.br\/index.php?rest_route=\/wp\/v2\/pages\/1511\/revisions\/4123"}],"wp:attachment":[{"href":"https:\/\/painelvicentino.com.br\/index.php?rest_route=%2Fwp%2Fv2%2Fmedia&parent=1511"}],"curies":[{"name":"wp","href":"https:\/\/api.w.org\/{rel}","templated":true}]}}