{"id":3301,"date":"2021-06-17T18:23:08","date_gmt":"2021-06-17T18:23:08","guid":{"rendered":"https:\/\/painelvicentino.com.br\/?page_id=3301"},"modified":"2024-10-08T01:15:14","modified_gmt":"2024-10-08T01:15:14","slug":"memoria","status":"publish","type":"page","link":"https:\/\/painelvicentino.com.br\/?page_id=3301","title":{"rendered":"Mem\u00f3ria Vicentina"},"content":{"rendered":"\t\t<div data-elementor-type=\"wp-page\" data-elementor-id=\"3301\" class=\"elementor elementor-3301\">\n\t\t\t\t\t\t<section class=\"elementor-section elementor-top-section elementor-element elementor-element-8a46d9d elementor-section-boxed elementor-section-height-default elementor-section-height-default\" data-id=\"8a46d9d\" data-element_type=\"section\" data-e-type=\"section\">\n\t\t\t\t\t\t<div class=\"elementor-container elementor-column-gap-default\">\n\t\t\t\t\t<div class=\"elementor-column elementor-col-100 elementor-top-column elementor-element elementor-element-3655103\" data-id=\"3655103\" data-element_type=\"column\" data-e-type=\"column\">\n\t\t\t<div class=\"elementor-widget-wrap elementor-element-populated\">\n\t\t\t\t\t\t<div class=\"elementor-element elementor-element-6f4eb2a elementor-widget elementor-widget-image\" data-id=\"6f4eb2a\" data-element_type=\"widget\" data-e-type=\"widget\" data-widget_type=\"image.default\">\n\t\t\t\t<div class=\"elementor-widget-container\">\n\t\t\t\t\t\t\t\t\t\t\t\t\t\t\t<img decoding=\"async\" width=\"150\" height=\"84\" src=\"https:\/\/painelvicentino.com.br\/wp-content\/uploads\/2021\/06\/memoriavicentina_150x84.jpg\" class=\"attachment-large size-large wp-image-3350\" alt=\"\" \/>\t\t\t\t\t\t\t\t\t\t\t\t\t\t\t<\/div>\n\t\t\t\t<\/div>\n\t\t\t\t\t<\/div>\n\t\t<\/div>\n\t\t\t\t\t<\/div>\n\t\t<\/section>\n\t\t\t\t<section class=\"elementor-section elementor-top-section elementor-element elementor-element-7811277 elementor-section-boxed elementor-section-height-default elementor-section-height-default\" data-id=\"7811277\" data-element_type=\"section\" data-e-type=\"section\">\n\t\t\t\t\t\t<div class=\"elementor-container elementor-column-gap-default\">\n\t\t\t\t\t<div class=\"elementor-column elementor-col-100 elementor-top-column elementor-element elementor-element-a868a02\" data-id=\"a868a02\" data-element_type=\"column\" data-e-type=\"column\">\n\t\t\t<div class=\"elementor-widget-wrap elementor-element-populated\">\n\t\t\t\t\t\t<div class=\"elementor-element elementor-element-690e07d elementor-widget elementor-widget-heading\" data-id=\"690e07d\" data-element_type=\"widget\" data-e-type=\"widget\" data-widget_type=\"heading.default\">\n\t\t\t\t<div class=\"elementor-widget-container\">\n\t\t\t\t\t<h3 class=\"elementor-heading-title elementor-size-default\">Mem\u00f3rias do CM DE FORTALEZA<\/h3>\t\t\t\t<\/div>\n\t\t\t\t<\/div>\n\t\t\t\t\t<\/div>\n\t\t<\/div>\n\t\t\t\t\t<\/div>\n\t\t<\/section>\n\t\t\t\t<section class=\"elementor-section elementor-top-section elementor-element elementor-element-18521d0 elementor-section-full_width elementor-section-height-default elementor-section-height-default\" data-id=\"18521d0\" data-element_type=\"section\" data-e-type=\"section\" data-settings=\"{&quot;background_background&quot;:&quot;classic&quot;}\">\n\t\t\t\t\t\t\t<div class=\"elementor-background-overlay\"><\/div>\n\t\t\t\t\t\t\t<div class=\"elementor-container elementor-column-gap-narrow\">\n\t\t\t\t\t<div class=\"elementor-column elementor-col-33 elementor-top-column elementor-element elementor-element-3260a7e\" data-id=\"3260a7e\" data-element_type=\"column\" data-e-type=\"column\">\n\t\t\t<div class=\"elementor-widget-wrap elementor-element-populated\">\n\t\t\t\t\t\t<div class=\"elementor-element elementor-element-220ec79 elementor-widget elementor-widget-text-editor\" data-id=\"220ec79\" data-element_type=\"widget\" data-e-type=\"widget\" data-widget_type=\"text-editor.default\">\n\t\t\t\t<div class=\"elementor-widget-container\">\n\t\t\t\t\t\t\t\t\t<p style=\"text-align: center;\"><span style=\"font-family: Arial, sans-serif;\"><span style=\"font-size: large;\"><b>O CEAR\u00c1 DENTRO DO MOVIMENTO VICENTINO<\/b><\/span><\/span><\/p><h5>Artigo de autoria do Confrade Luis Cavalcanti Sucupira, publicado na Revista do Instituto Hist\u00f3rico, Geogr\u00e1fico e Antropol\u00f3gico do Cear\u00e1 no ano de 1973.<br \/>Texto digitalizado dispon\u00edvel em: http:\/\/www.institutodoceara.org.br\/revista\/Rev-apresentacao\/RevPorAno\/1973\/1973-CearaDentroMovimentoVicentino.pdf<\/h5>\t\t\t\t\t\t\t\t<\/div>\n\t\t\t\t<\/div>\n\t\t\t\t\t<\/div>\n\t\t<\/div>\n\t\t\t\t<div class=\"elementor-column elementor-col-33 elementor-top-column elementor-element elementor-element-b4df057\" data-id=\"b4df057\" data-element_type=\"column\" data-e-type=\"column\" data-settings=\"{&quot;background_background&quot;:&quot;classic&quot;}\">\n\t\t\t<div class=\"elementor-widget-wrap\">\n\t\t\t\t\t\t\t<\/div>\n\t\t<\/div>\n\t\t\t\t<div class=\"elementor-column elementor-col-33 elementor-top-column elementor-element elementor-element-68da406\" data-id=\"68da406\" data-element_type=\"column\" data-e-type=\"column\">\n\t\t\t<div class=\"elementor-widget-wrap elementor-element-populated\">\n\t\t\t\t\t\t<div class=\"elementor-element elementor-element-5f94290 elementor-widget elementor-widget-toggle\" data-id=\"5f94290\" data-element_type=\"widget\" data-e-type=\"widget\" data-widget_type=\"toggle.default\">\n\t\t\t\t<div class=\"elementor-widget-container\">\n\t\t\t\t\t\t\t<div class=\"elementor-toggle\">\n\t\t\t\t\t\t\t<div class=\"elementor-toggle-item\">\n\t\t\t\t\t<h5 id=\"elementor-tab-title-1001\" class=\"elementor-tab-title\" data-tab=\"1\" role=\"button\" aria-controls=\"elementor-tab-content-1001\" aria-expanded=\"false\">\n\t\t\t\t\t\t\t\t\t\t\t\t<span class=\"elementor-toggle-icon elementor-toggle-icon-left\" aria-hidden=\"true\">\n\t\t\t\t\t\t\t\t\t\t\t\t\t\t\t<span class=\"elementor-toggle-icon-closed\"><i class=\"fas fa-caret-right\"><\/i><\/span>\n\t\t\t\t\t\t\t\t<span class=\"elementor-toggle-icon-opened\"><i class=\"elementor-toggle-icon-opened fas fa-caret-up\"><\/i><\/span>\n\t\t\t\t\t\t\t\t\t\t\t\t\t<\/span>\n\t\t\t\t\t\t\t\t\t\t\t\t<a class=\"elementor-toggle-title\" tabindex=\"0\">Texto resumido<\/a>\n\t\t\t\t\t<\/h5>\n\n\t\t\t\t\t<div id=\"elementor-tab-content-1001\" class=\"elementor-tab-content elementor-clearfix\" data-tab=\"1\" role=\"region\" aria-labelledby=\"elementor-tab-title-1001\"><h5><span style=\"font-weight: 400;\">A SSVP foi implantada no estado do Cear\u00e1 em 8 de dezembro de 1879, com a cria\u00e7\u00e3o da Confer\u00eancia de S\u00e3o Francisco de Assis, na cidade de Aracati. A referida confer\u00eancia teve como seu primeiro presidente o ent\u00e3o Juiz da Comarca Dr Ant\u00f4nio Sab\u00f3ia de S\u00e1 leit\u00e3o. Rec\u00e9m transferido para a cidade de Aracati, n\u00e3o foi dif\u00edcil para o juiz fundar a Confer\u00eancia, contando com a aprova\u00e7\u00e3o e assist\u00eancia do vig\u00e1rio local Padre Jo\u00e3o Franco de S\u00e1. Teve o Dr S\u00e1 Leit\u00e3o como companheiros da primeira hora os seguintes confrades: Vicente Ferreira dos Santos Caminha, Coriolano Francisco Ramos, Albino Rodrigues Soares, Manoel Cantionilio de Carvalho e Silva, Francisco Jos\u00e9 Ramos, Raimundo da Silva Ramos, Jos\u00e9 Carlos Gurgel Nogueira, e Coriguaci Saturnino Ferreira de Barcelos. A confer\u00eancia foi agregada em 17 de Janeiro de 1881, figurando nessa aprova\u00e7\u00e3o como a vig\u00e9sima do Brasil.<\/span><\/h5><h5><span style=\"font-weight: 400;\">Menos de seis meses depois, em 11 de abril de 1880, outro ilustre magistrado Dr Jo\u00e3o Pedro Sab\u00f3ia Bandeira de Melo fixava em Russas a segunda confer\u00eancia Vicentina que recebeu a prote\u00e7\u00e3o dos Sagrados Cora\u00e7\u00f5es, sendo agregada a 5\/10\/1885, como a 34\u00aa em todo o Brasil.<\/span><\/h5><h5><span style=\"font-weight: 400;\">A terceira confer\u00eancia de S\u00e3o Vicente de Paulo no Cear\u00e1, sob a prote\u00e7\u00e3o de Nossa Senhora da Expecta\u00e7\u00e3o, teve seu aparecimento na Cidade de Ic\u00f3 no dia 15 de agosto do mesmo ano de 1880, sendo seu fundador e primeiro presidente o senhor Albino Soares. Conseguiu agregar-se em 24\/04\/1882, primeiro do que a de Russas, pois est\u00e1 registrada como a 23\u00aa em todo o Brasil. Essa confer\u00eancia conseguiu, para alegria do Bispo Diocesano Dom Luiz Ant\u00f4nio dos Santos, que o com\u00e9rcio local da\u00ed por diante fechasse as portas aos domingos. Foi Dom Luiz Ant\u00f4nio, segundo Relat\u00f3rio do Presidente do Conselho Superior de Paris publicado no Boletim franc\u00eas de fevereiro de 1889, o primeiro membro do episcopado brasileiro que recomendou nossa sociedade em um mandamento de 1873. O prelado congratulou-se publicamente com a nossa Sociedade a quem reconheceu e a qual procurou propagar cada vez mais em sua Diocese.<\/span><\/h5><h5><span style=\"font-weight: 400;\">O presidente do conselho superior do Brasil no seu relat\u00f3rio do ano de 1881 consagra todo um cap\u00edtulo as tr\u00eas confer\u00eancias cearenses em funcionamento.<\/span><\/h5><h5><span style=\"font-weight: 400;\">Quarta confer\u00eancia: na cidade do Crato em 25\/03\/1882, sob a invoca\u00e7\u00e3o de Nossa Senhora da Penha.<\/span><\/h5><h5><span style=\"font-weight: 400;\">Quinta confer\u00eancia: na cidade de Baturit\u00e9,\u00a0 em 18\/05\/1882 sob a invoca\u00e7\u00e3o de Nossa Senhora da Palma.<\/span><\/h5><h5><span style=\"font-weight: 400;\">Sexta confer\u00eancia: na cidade de Aracati,\u00a0 em 28\/05\/1882 sob a prote\u00e7\u00e3o do Divino Esp\u00edrito Santo.<\/span><\/h5><h5><span style=\"font-weight: 400;\">S\u00e9tima confer\u00eancia: na cidade de Fortaleza,\u00a0 em 8\/09\/1882 sob a invoca\u00e7\u00e3o de S\u00e3o Jos\u00e9.<\/span><\/h5><h5><span style=\"font-weight: 400;\">Da\u00ed por diante as confer\u00eancias multiplicaram-se em todo o estado: ao encerrar-se o s\u00e9culo XIX, em 1900, o Cear\u00e1 contava com um Conselho Central, 18 Conselhos Particulares e 108 confer\u00eancias, das quais 71 j\u00e1 agregadas.<\/span><\/h5><\/div>\n\t\t\t\t<\/div>\n\t\t\t\t\t\t\t\t<\/div>\n\t\t\t\t\t\t<\/div>\n\t\t\t\t<\/div>\n\t\t\t\t<div class=\"elementor-element elementor-element-0fb2af3 elementor-widget elementor-widget-text-editor\" data-id=\"0fb2af3\" data-element_type=\"widget\" data-e-type=\"widget\" data-widget_type=\"text-editor.default\">\n\t\t\t\t<div class=\"elementor-widget-container\">\n\t\t\t\t\t\t\t\t\t<p><span style=\"color: #000000;\"><strong><a style=\"color: #000000;\" href=\"https:\/\/painelvicentino.com.br\/wp-content\/uploads\/2021\/06\/CearaDentroMovimentoVicentino.pdf\">\u00a0<span style=\"color: #000000;\">\u21d2<\/span>\u00a0 Texto digitalizado completo<\/a><\/strong><\/span><\/p>\t\t\t\t\t\t\t\t<\/div>\n\t\t\t\t<\/div>\n\t\t\t\t<div class=\"elementor-element elementor-element-1235775 elementor-position-top elementor-widget elementor-widget-image-box\" data-id=\"1235775\" data-element_type=\"widget\" data-e-type=\"widget\" data-widget_type=\"image-box.default\">\n\t\t\t\t<div class=\"elementor-widget-container\">\n\t\t\t\t\t<div class=\"elementor-image-box-wrapper\"><figure class=\"elementor-image-box-img\"><img fetchpriority=\"high\" decoding=\"async\" width=\"365\" height=\"138\" src=\"https:\/\/painelvicentino.com.br\/wp-content\/uploads\/2021\/06\/PredioCMFortaleza.jpg\" class=\"attachment-full size-full wp-image-3411\" alt=\"\" srcset=\"https:\/\/painelvicentino.com.br\/wp-content\/uploads\/2021\/06\/PredioCMFortaleza.jpg 365w, https:\/\/painelvicentino.com.br\/wp-content\/uploads\/2021\/06\/PredioCMFortaleza-300x113.jpg 300w\" sizes=\"(max-width: 365px) 100vw, 365px\" \/><\/figure><div class=\"elementor-image-box-content\"><p class=\"elementor-image-box-description\">Sede do Conselho Metropolitano de Fortaleza, inaugurado em 21\/07\/1912, no centro de Fortaleza<\/p><\/div><\/div>\t\t\t\t<\/div>\n\t\t\t\t<\/div>\n\t\t\t\t\t<\/div>\n\t\t<\/div>\n\t\t\t\t\t<\/div>\n\t\t<\/section>\n\t\t\t\t<section class=\"elementor-section elementor-top-section elementor-element elementor-element-6afa90b elementor-section-boxed elementor-section-height-default elementor-section-height-default\" data-id=\"6afa90b\" data-element_type=\"section\" data-e-type=\"section\">\n\t\t\t\t\t\t<div class=\"elementor-container elementor-column-gap-default\">\n\t\t\t\t\t<div class=\"elementor-column elementor-col-100 elementor-top-column elementor-element elementor-element-0929b4c\" data-id=\"0929b4c\" data-element_type=\"column\" data-e-type=\"column\">\n\t\t\t<div class=\"elementor-widget-wrap elementor-element-populated\">\n\t\t\t\t\t\t<div class=\"elementor-element elementor-element-6cd3763 elementor-widget elementor-widget-spacer\" data-id=\"6cd3763\" data-element_type=\"widget\" data-e-type=\"widget\" data-widget_type=\"spacer.default\">\n\t\t\t\t<div class=\"elementor-widget-container\">\n\t\t\t\t\t\t\t<div class=\"elementor-spacer\">\n\t\t\t<div class=\"elementor-spacer-inner\"><\/div>\n\t\t<\/div>\n\t\t\t\t\t\t<\/div>\n\t\t\t\t<\/div>\n\t\t\t\t\t<\/div>\n\t\t<\/div>\n\t\t\t\t\t<\/div>\n\t\t<\/section>\n\t\t\t\t<section class=\"elementor-section elementor-top-section elementor-element elementor-element-6945b1f elementor-section-full_width elementor-section-height-default elementor-section-height-default\" data-id=\"6945b1f\" data-element_type=\"section\" data-e-type=\"section\" data-settings=\"{&quot;background_background&quot;:&quot;classic&quot;}\">\n\t\t\t\t\t\t\t<div class=\"elementor-background-overlay\"><\/div>\n\t\t\t\t\t\t\t<div class=\"elementor-container elementor-column-gap-narrow\">\n\t\t\t\t\t<div class=\"elementor-column elementor-col-50 elementor-top-column elementor-element elementor-element-4894611\" data-id=\"4894611\" data-element_type=\"column\" data-e-type=\"column\">\n\t\t\t<div class=\"elementor-widget-wrap elementor-element-populated\">\n\t\t\t\t\t\t<div class=\"elementor-element elementor-element-5d4f1d1 elementor-widget elementor-widget-text-editor\" data-id=\"5d4f1d1\" data-element_type=\"widget\" data-e-type=\"widget\" data-widget_type=\"text-editor.default\">\n\t\t\t\t<div class=\"elementor-widget-container\">\n\t\t\t\t\t\t\t\t\t<p style=\"text-align: center;\"><span style=\"font-family: Arial, sans-serif;\"><span style=\"font-size: large;\"><b>VICENTINOS DE TAU\u00c1-CE ADQUIREM TERRENO PARA CONSTRUIR SEDE DA SSVP<\/b><\/span><\/span><\/p><p><span style=\"color: #000000;\"><span style=\"font-family: Arial, sans-serif;\"><span style=\"font-size: large;\">Os vicentinos da Confer\u00eancia Nossa Senhora do Ros\u00e1rio, na cidade de Tau\u00e1-CE, durante o ano de 2020 e 2021 em plena pandemia <\/span><\/span><\/span><span style=\"color: #000000;\"><span style=\"font-family: Arial, sans-serif;\"><span style=\"font-size: large;\">da COVID-19<\/span><\/span><\/span><span style=\"color: #000000;\"><span style=\"font-family: Arial, sans-serif;\"><span style=\"font-size: large;\">, fizeram campanha por meio de Rifa e Bazar, e conseguiram recursos com os quais foi comprado um terreno onde ser\u00e1 constru\u00edda a Sede da Confer\u00eancia, relatou <\/span><\/span><\/span><span style=\"color: #000000;\"><span style=\"font-family: Arial, sans-serif;\"><span style=\"font-size: large;\">seu presidente <\/span><\/span><\/span><span style=\"color: #000000;\"><span style=\"font-family: Arial, sans-serif;\"><span style=\"font-size: large;\">o Confrade Marcelino Pedrosa. A Confer\u00eancia \u00e9 vinculada ao Conselho Particular de Crate\u00fas, \u00e1rea do Conselho Central de Sobral e do C<\/span><\/span><\/span><span style=\"color: #000000;\"><span style=\"font-family: Arial, sans-serif;\"><span style=\"font-size: large;\">onselho <\/span><\/span><\/span><span style=\"color: #000000;\"><span style=\"font-family: Arial, sans-serif;\"><span style=\"font-size: large;\">M<\/span><\/span><\/span><span style=\"color: #000000;\"><span style=\"font-family: Arial, sans-serif;\"><span style=\"font-size: large;\">etropolitano<\/span><\/span><\/span><span style=\"color: #000000;\"><span style=\"font-family: Arial, sans-serif;\"><span style=\"font-size: large;\"> de Fortaleza.<br \/>O terreno fica <\/span><\/span><\/span><span style=\"color: #000000;\"><span style=\"font-family: Arial, sans-serif;\"><span style=\"font-size: large;\">pr\u00f3ximo \u00e0<\/span><\/span><\/span><span style=\"color: #000000;\"><span style=\"font-family: Arial, sans-serif;\"><span style=\"font-size: large;\"> igreja de S\u00e3o Vicente de Paulo, <\/span><\/span><\/span><span style=\"color: #000000;\"><span style=\"font-family: Arial, sans-serif;\"><span style=\"font-size: large;\">que <\/span><\/span><\/span><span style=\"color: #000000;\"><span style=\"font-family: Arial, sans-serif;\"><span style=\"font-size: large;\">tamb\u00e9m <\/span><\/span><\/span><span style=\"color: #000000;\"><span style=\"font-family: Arial, sans-serif;\"><span style=\"font-size: large;\">foi<\/span><\/span><\/span><span style=\"color: #000000;\"><span style=\"font-family: Arial, sans-serif;\"><span style=\"font-size: large;\"> erigida pelos vicentinos na mesma cidade.<\/span><\/span><\/span><\/p>\t\t\t\t\t\t\t\t<\/div>\n\t\t\t\t<\/div>\n\t\t\t\t\t<\/div>\n\t\t<\/div>\n\t\t\t\t<div class=\"elementor-column elementor-col-50 elementor-top-column elementor-element elementor-element-5b6f8a7\" data-id=\"5b6f8a7\" data-element_type=\"column\" data-e-type=\"column\">\n\t\t\t<div class=\"elementor-widget-wrap elementor-element-populated\">\n\t\t\t\t\t\t<div class=\"elementor-element elementor-element-396708d elementor-position-top elementor-widget elementor-widget-image-box\" data-id=\"396708d\" data-element_type=\"widget\" data-e-type=\"widget\" data-widget_type=\"image-box.default\">\n\t\t\t\t<div class=\"elementor-widget-container\">\n\t\t\t\t\t<div class=\"elementor-image-box-wrapper\"><figure class=\"elementor-image-box-img\"><img decoding=\"async\" width=\"1280\" height=\"720\" src=\"https:\/\/painelvicentino.com.br\/wp-content\/uploads\/2021\/06\/TerrenoConferenciaNSRosario_Taua.jpeg\" class=\"attachment-full size-full wp-image-3379\" alt=\"\" srcset=\"https:\/\/painelvicentino.com.br\/wp-content\/uploads\/2021\/06\/TerrenoConferenciaNSRosario_Taua.jpeg 1280w, https:\/\/painelvicentino.com.br\/wp-content\/uploads\/2021\/06\/TerrenoConferenciaNSRosario_Taua-300x169.jpeg 300w, https:\/\/painelvicentino.com.br\/wp-content\/uploads\/2021\/06\/TerrenoConferenciaNSRosario_Taua-1024x576.jpeg 1024w, https:\/\/painelvicentino.com.br\/wp-content\/uploads\/2021\/06\/TerrenoConferenciaNSRosario_Taua-768x432.jpeg 768w\" sizes=\"(max-width: 1280px) 100vw, 1280px\" \/><\/figure><div class=\"elementor-image-box-content\"><p class=\"elementor-image-box-description\">Terreno onde ser\u00e1 constru\u00edda a sede da Confer\u00eancia<\/p><\/div><\/div>\t\t\t\t<\/div>\n\t\t\t\t<\/div>\n\t\t\t\t<div class=\"elementor-element elementor-element-b92c3ec elementor-position-top elementor-widget elementor-widget-image-box\" data-id=\"b92c3ec\" data-element_type=\"widget\" data-e-type=\"widget\" data-widget_type=\"image-box.default\">\n\t\t\t\t<div class=\"elementor-widget-container\">\n\t\t\t\t\t<div class=\"elementor-image-box-wrapper\"><figure class=\"elementor-image-box-img\"><img loading=\"lazy\" decoding=\"async\" width=\"960\" height=\"540\" src=\"https:\/\/painelvicentino.com.br\/wp-content\/uploads\/2021\/06\/ConferenciaNSRosario_Taua.jpeg\" class=\"attachment-full size-full wp-image-3380\" alt=\"\" srcset=\"https:\/\/painelvicentino.com.br\/wp-content\/uploads\/2021\/06\/ConferenciaNSRosario_Taua.jpeg 960w, https:\/\/painelvicentino.com.br\/wp-content\/uploads\/2021\/06\/ConferenciaNSRosario_Taua-300x169.jpeg 300w, https:\/\/painelvicentino.com.br\/wp-content\/uploads\/2021\/06\/ConferenciaNSRosario_Taua-768x432.jpeg 768w\" sizes=\"(max-width: 960px) 100vw, 960px\" \/><\/figure><div class=\"elementor-image-box-content\"><p class=\"elementor-image-box-description\">Membros da Confer\u00eancia Nossa Senhora do Ros\u00e1rio<\/p><\/div><\/div>\t\t\t\t<\/div>\n\t\t\t\t<\/div>\n\t\t\t\t\t<\/div>\n\t\t<\/div>\n\t\t\t\t\t<\/div>\n\t\t<\/section>\n\t\t\t\t<section class=\"elementor-section elementor-top-section elementor-element elementor-element-f6c20c9 elementor-section-boxed elementor-section-height-default elementor-section-height-default\" data-id=\"f6c20c9\" data-element_type=\"section\" data-e-type=\"section\">\n\t\t\t\t\t\t<div class=\"elementor-container elementor-column-gap-default\">\n\t\t\t\t\t<div class=\"elementor-column elementor-col-100 elementor-top-column elementor-element elementor-element-3eebede\" data-id=\"3eebede\" data-element_type=\"column\" data-e-type=\"column\">\n\t\t\t<div class=\"elementor-widget-wrap elementor-element-populated\">\n\t\t\t\t\t\t<div class=\"elementor-element elementor-element-24efb4a elementor-widget elementor-widget-spacer\" data-id=\"24efb4a\" data-element_type=\"widget\" data-e-type=\"widget\" data-widget_type=\"spacer.default\">\n\t\t\t\t<div class=\"elementor-widget-container\">\n\t\t\t\t\t\t\t<div class=\"elementor-spacer\">\n\t\t\t<div class=\"elementor-spacer-inner\"><\/div>\n\t\t<\/div>\n\t\t\t\t\t\t<\/div>\n\t\t\t\t<\/div>\n\t\t\t\t\t<\/div>\n\t\t<\/div>\n\t\t\t\t\t<\/div>\n\t\t<\/section>\n\t\t\t\t<section class=\"elementor-section elementor-top-section elementor-element elementor-element-a608cc6 elementor-section-boxed elementor-section-height-default elementor-section-height-default\" data-id=\"a608cc6\" data-element_type=\"section\" data-e-type=\"section\">\n\t\t\t\t\t\t<div class=\"elementor-container elementor-column-gap-default\">\n\t\t\t\t\t<div class=\"elementor-column elementor-col-100 elementor-top-column elementor-element elementor-element-64572de\" data-id=\"64572de\" data-element_type=\"column\" data-e-type=\"column\">\n\t\t\t<div class=\"elementor-widget-wrap elementor-element-populated\">\n\t\t\t\t\t\t<div class=\"elementor-element elementor-element-d6d1b02 elementor-widget elementor-widget-spacer\" data-id=\"d6d1b02\" data-element_type=\"widget\" data-e-type=\"widget\" data-widget_type=\"spacer.default\">\n\t\t\t\t<div class=\"elementor-widget-container\">\n\t\t\t\t\t\t\t<div class=\"elementor-spacer\">\n\t\t\t<div class=\"elementor-spacer-inner\"><\/div>\n\t\t<\/div>\n\t\t\t\t\t\t<\/div>\n\t\t\t\t<\/div>\n\t\t\t\t\t<\/div>\n\t\t<\/div>\n\t\t\t\t\t<\/div>\n\t\t<\/section>\n\t\t\t\t<\/div>\n\t\t","protected":false},"excerpt":{"rendered":"<p>Mem\u00f3rias do CM DE FORTALEZA O CEAR\u00c1 DENTRO DO MOVIMENTO VICENTINO Artigo de autoria do Confrade Luis Cavalcanti Sucupira, publicado na Revista do Instituto Hist\u00f3rico, Geogr\u00e1fico e Antropol\u00f3gico do Cear\u00e1 no ano de 1973.Texto digitalizado dispon\u00edvel em: http:\/\/www.institutodoceara.org.br\/revista\/Rev-apresentacao\/RevPorAno\/1973\/1973-CearaDentroMovimentoVicentino.pdf Texto resumido A SSVP foi implantada no estado do Cear\u00e1 em 8 de dezembro de 1879, com [&hellip;]<\/p>\n","protected":false},"author":1,"featured_media":0,"parent":0,"menu_order":0,"comment_status":"closed","ping_status":"closed","template":"","meta":{"_eb_attr":"","om_disable_all_campaigns":false,"_monsterinsights_skip_tracking":false,"_monsterinsights_sitenote_active":false,"_monsterinsights_sitenote_note":"","_monsterinsights_sitenote_category":0,"_uf_show_specific_survey":0,"_uf_disable_surveys":false,"site-sidebar-layout":"no-sidebar","site-content-layout":"plain-container","ast-site-content-layout":"default","site-content-style":"default","site-sidebar-style":"default","ast-global-header-display":"","ast-banner-title-visibility":"","ast-main-header-display":"","ast-hfb-above-header-display":"","ast-hfb-below-header-display":"","ast-hfb-mobile-header-display":"","site-post-title":"disabled","ast-breadcrumbs-content":"","ast-featured-img":"disabled","footer-sml-layout":"","theme-transparent-header-meta":"default","adv-header-id-meta":"","stick-header-meta":"","header-above-stick-meta":"","header-main-stick-meta":"","header-below-stick-meta":"","astra-migrate-meta-layouts":"default","ast-page-background-enabled":"default","ast-page-background-meta":{"desktop":{"background-color":"","background-image":"","background-repeat":"repeat","background-position":"center center","background-size":"auto","background-attachment":"scroll","background-type":"","background-media":"","overlay-type":"","overlay-color":"","overlay-opacity":"","overlay-gradient":""},"tablet":{"background-color":"","background-image":"","background-repeat":"repeat","background-position":"center center","background-size":"auto","background-attachment":"scroll","background-type":"","background-media":"","overlay-type":"","overlay-color":"","overlay-opacity":"","overlay-gradient":""},"mobile":{"background-color":"","background-image":"","background-repeat":"repeat","background-position":"center center","background-size":"auto","background-attachment":"scroll","background-type":"","background-media":"","overlay-type":"","overlay-color":"","overlay-opacity":"","overlay-gradient":""}},"ast-content-background-meta":{"desktop":{"background-color":"var(--ast-global-color-5)","background-image":"","background-repeat":"repeat","background-position":"center center","background-size":"auto","background-attachment":"scroll","background-type":"","background-media":"","overlay-type":"","overlay-color":"","overlay-opacity":"","overlay-gradient":""},"tablet":{"background-color":"var(--ast-global-color-5)","background-image":"","background-repeat":"repeat","background-position":"center center","background-size":"auto","background-attachment":"scroll","background-type":"","background-media":"","overlay-type":"","overlay-color":"","overlay-opacity":"","overlay-gradient":""},"mobile":{"background-color":"var(--ast-global-color-5)","background-image":"","background-repeat":"repeat","background-position":"center center","background-size":"auto","background-attachment":"scroll","background-type":"","background-media":"","overlay-type":"","overlay-color":"","overlay-opacity":"","overlay-gradient":""}},"footnotes":""},"class_list":["post-3301","page","type-page","status-publish","hentry"],"aioseo_notices":[],"_links":{"self":[{"href":"https:\/\/painelvicentino.com.br\/index.php?rest_route=\/wp\/v2\/pages\/3301","targetHints":{"allow":["GET"]}}],"collection":[{"href":"https:\/\/painelvicentino.com.br\/index.php?rest_route=\/wp\/v2\/pages"}],"about":[{"href":"https:\/\/painelvicentino.com.br\/index.php?rest_route=\/wp\/v2\/types\/page"}],"author":[{"embeddable":true,"href":"https:\/\/painelvicentino.com.br\/index.php?rest_route=\/wp\/v2\/users\/1"}],"replies":[{"embeddable":true,"href":"https:\/\/painelvicentino.com.br\/index.php?rest_route=%2Fwp%2Fv2%2Fcomments&post=3301"}],"version-history":[{"count":122,"href":"https:\/\/painelvicentino.com.br\/index.php?rest_route=\/wp\/v2\/pages\/3301\/revisions"}],"predecessor-version":[{"id":3869,"href":"https:\/\/painelvicentino.com.br\/index.php?rest_route=\/wp\/v2\/pages\/3301\/revisions\/3869"}],"wp:attachment":[{"href":"https:\/\/painelvicentino.com.br\/index.php?rest_route=%2Fwp%2Fv2%2Fmedia&parent=3301"}],"curies":[{"name":"wp","href":"https:\/\/api.w.org\/{rel}","templated":true}]}}