{"id":3637,"date":"2024-09-14T01:39:30","date_gmt":"2024-09-14T01:39:30","guid":{"rendered":"https:\/\/painelvicentino.com.br\/?page_id=3637"},"modified":"2024-10-19T14:34:09","modified_gmt":"2024-10-19T14:34:09","slug":"acoes-pelo-brasil-copy","status":"publish","type":"page","link":"https:\/\/painelvicentino.com.br\/?page_id=3637","title":{"rendered":"Ros\u00e1lia Rendu"},"content":{"rendered":"\t\t<div data-elementor-type=\"wp-page\" data-elementor-id=\"3637\" class=\"elementor elementor-3637\">\n\t\t\t\t\t\t<section class=\"elementor-section elementor-top-section elementor-element elementor-element-90eb87a elementor-section-boxed elementor-section-height-default elementor-section-height-default\" data-id=\"90eb87a\" data-element_type=\"section\" data-e-type=\"section\">\n\t\t\t\t\t\t<div class=\"elementor-container elementor-column-gap-default\">\n\t\t\t\t\t<div class=\"elementor-column elementor-col-100 elementor-top-column elementor-element elementor-element-f4ebd08\" data-id=\"f4ebd08\" data-element_type=\"column\" data-e-type=\"column\">\n\t\t\t<div class=\"elementor-widget-wrap elementor-element-populated\">\n\t\t\t\t\t\t<div class=\"elementor-element elementor-element-9760c2c elementor-widget elementor-widget-heading\" data-id=\"9760c2c\" data-element_type=\"widget\" data-e-type=\"widget\" data-widget_type=\"heading.default\">\n\t\t\t\t<div class=\"elementor-widget-container\">\n\t\t\t\t\t<h3 class=\"elementor-heading-title elementor-size-default\">Ros\u00e1lia Rendu: Legado de Caridade e Inspira\u00e7\u00e3o para os Vicentinos<\/h3>\t\t\t\t<\/div>\n\t\t\t\t<\/div>\n\t\t\t\t\t<\/div>\n\t\t<\/div>\n\t\t\t\t\t<\/div>\n\t\t<\/section>\n\t\t\t\t<section class=\"elementor-section elementor-top-section elementor-element elementor-element-7962aa4 elementor-section-boxed elementor-section-height-default elementor-section-height-default\" data-id=\"7962aa4\" data-element_type=\"section\" data-e-type=\"section\">\n\t\t\t\t\t\t<div class=\"elementor-container elementor-column-gap-default\">\n\t\t\t\t\t<div class=\"elementor-column elementor-col-100 elementor-top-column elementor-element elementor-element-bdf3347\" data-id=\"bdf3347\" data-element_type=\"column\" data-e-type=\"column\">\n\t\t\t<div class=\"elementor-widget-wrap elementor-element-populated\">\n\t\t\t\t\t\t<div class=\"elementor-element elementor-element-8a4b889 elementor-widget elementor-widget-spacer\" data-id=\"8a4b889\" data-element_type=\"widget\" data-e-type=\"widget\" data-widget_type=\"spacer.default\">\n\t\t\t\t<div class=\"elementor-widget-container\">\n\t\t\t\t\t\t\t<div class=\"elementor-spacer\">\n\t\t\t<div class=\"elementor-spacer-inner\"><\/div>\n\t\t<\/div>\n\t\t\t\t\t\t<\/div>\n\t\t\t\t<\/div>\n\t\t\t\t\t<\/div>\n\t\t<\/div>\n\t\t\t\t\t<\/div>\n\t\t<\/section>\n\t\t\t\t<section class=\"elementor-section elementor-top-section elementor-element elementor-element-df575b5 elementor-section-boxed elementor-section-height-default elementor-section-height-default\" data-id=\"df575b5\" data-element_type=\"section\" data-e-type=\"section\">\n\t\t\t\t\t\t<div class=\"elementor-container elementor-column-gap-default\">\n\t\t\t\t\t<div class=\"elementor-column elementor-col-50 elementor-top-column elementor-element elementor-element-9ddd457\" data-id=\"9ddd457\" data-element_type=\"column\" data-e-type=\"column\">\n\t\t\t<div class=\"elementor-widget-wrap elementor-element-populated\">\n\t\t\t\t\t\t<div class=\"elementor-element elementor-element-5808c95 elementor-widget elementor-widget-image\" data-id=\"5808c95\" data-element_type=\"widget\" data-e-type=\"widget\" data-widget_type=\"image.default\">\n\t\t\t\t<div class=\"elementor-widget-container\">\n\t\t\t\t\t\t\t\t\t\t\t\t\t\t\t<img fetchpriority=\"high\" decoding=\"async\" width=\"436\" height=\"332\" src=\"https:\/\/painelvicentino.com.br\/wp-content\/uploads\/2024\/09\/Rosalie-Rendu-e-Frederico-Ozanam.png\" class=\"attachment-large size-large wp-image-3675\" alt=\"\" srcset=\"https:\/\/painelvicentino.com.br\/wp-content\/uploads\/2024\/09\/Rosalie-Rendu-e-Frederico-Ozanam.png 436w, https:\/\/painelvicentino.com.br\/wp-content\/uploads\/2024\/09\/Rosalie-Rendu-e-Frederico-Ozanam-300x228.png 300w\" sizes=\"(max-width: 436px) 100vw, 436px\" \/>\t\t\t\t\t\t\t\t\t\t\t\t\t\t\t<\/div>\n\t\t\t\t<\/div>\n\t\t\t\t\t<\/div>\n\t\t<\/div>\n\t\t\t\t<div class=\"elementor-column elementor-col-50 elementor-top-column elementor-element elementor-element-34f3b46\" data-id=\"34f3b46\" data-element_type=\"column\" data-e-type=\"column\">\n\t\t\t<div class=\"elementor-widget-wrap elementor-element-populated\">\n\t\t\t\t\t\t<div class=\"elementor-element elementor-element-92dae1c elementor-widget__width-initial elementor-widget elementor-widget-text-editor\" data-id=\"92dae1c\" data-element_type=\"widget\" data-e-type=\"widget\" data-widget_type=\"text-editor.default\">\n\t\t\t\t<div class=\"elementor-widget-container\">\n\t\t\t\t\t\t\t\t\t<p><strong>Irm\u00e3 Ros\u00e1lia Rendu<\/strong> (1786-1856) nasceu Jeanne-Marie Rendu, uma figura emblem\u00e1tica na hist\u00f3ria da Sociedade de S\u00e3o Vicente de Paulo (SSVP) e uma inspira\u00e7\u00e3o para as mulheres vicentinas em todo o mundo. Nascida em 9 de setembro de 1786, em Confort, Fran\u00e7a, ela entrou para a Casa Madre das Filhas da Caridade em Paris em 1802, assumindo o nome de Irm\u00e3 Rosalie. Sua vida foi marcada pela dedica\u00e7\u00e3o incans\u00e1vel aos mais necessitados, especialmente no bairro pobre de Mouffetard, em Paris. Durante mais de 50 anos de servi\u00e7o nessa comunidade, Irm\u00e3 Rosalie tornou-se uma figura venerada por todos os habitantes de Mouffetard. Ela fundou v\u00e1rias institui\u00e7\u00f5es para atender \u00e0s necessidades dos pobres, incluindo um patronato para jovens trabalhadores, uma creche para crian\u00e7as de m\u00e3es trabalhadoras, um ref\u00fagio para idosos e uma oficina de caridade. Seu trabalho incans\u00e1vel n\u00e3o s\u00f3 proporcionou assist\u00eancia material, mas tamb\u00e9m inspirou esperan\u00e7a e dignidade aos menos favorecidos.<\/p>\t\t\t\t\t\t\t\t<\/div>\n\t\t\t\t<\/div>\n\t\t\t\t\t<\/div>\n\t\t<\/div>\n\t\t\t\t\t<\/div>\n\t\t<\/section>\n\t\t\t\t<section class=\"elementor-section elementor-top-section elementor-element elementor-element-3a0afb0 elementor-section-boxed elementor-section-height-default elementor-section-height-default\" data-id=\"3a0afb0\" data-element_type=\"section\" data-e-type=\"section\">\n\t\t\t\t\t\t<div class=\"elementor-container elementor-column-gap-default\">\n\t\t\t\t\t<div class=\"elementor-column elementor-col-100 elementor-top-column elementor-element elementor-element-fa3c8ed\" data-id=\"fa3c8ed\" data-element_type=\"column\" data-e-type=\"column\">\n\t\t\t<div class=\"elementor-widget-wrap elementor-element-populated\">\n\t\t\t\t\t\t<div class=\"elementor-element elementor-element-a661ce6 elementor-widget elementor-widget-text-editor\" data-id=\"a661ce6\" data-element_type=\"widget\" data-e-type=\"widget\" data-widget_type=\"text-editor.default\">\n\t\t\t\t<div class=\"elementor-widget-container\">\n\t\t\t\t\t\t\t\t\t<p><b>Contribui\u00e7\u00e3o para a SSVP<\/b><\/p><p>Al\u00e9m de suas realiza\u00e7\u00f5es pr\u00e1ticas, Rosalie desempenhou um papel fundamental na funda\u00e7\u00e3o da Sociedade de S\u00e3o Vicente de Paulo. Em 1833, quando Ant\u00f4nio Frederico Ozanam e seus amigos decidiram iniciar um grupo para ajudar os pobres, procuraram a orienta\u00e7\u00e3o e o apoio de Irm\u00e3 Rosalie. Ela os ensinou a reconhecer a presen\u00e7a de Cristo nos necessitados e os orientou em sua miss\u00e3o de caridade.<\/p><p><b>Seu legado<\/b><\/p><p>O legado de caridade e servi\u00e7o de Irm\u00e3 Rosalie continuou a inspirar gera\u00e7\u00f5es de vicentinos e vicentinas em todo o mundo. Sua beatifica\u00e7\u00e3o pelo Papa Jo\u00e3o Paulo II, em 9 de novembro de 2003, reconheceu sua santidade e seu exemplo de vida dedicada aos mais necessitados.<\/p>\t\t\t\t\t\t\t\t<\/div>\n\t\t\t\t<\/div>\n\t\t\t\t\t<\/div>\n\t\t<\/div>\n\t\t\t\t\t<\/div>\n\t\t<\/section>\n\t\t\t\t<section class=\"elementor-section elementor-top-section elementor-element elementor-element-3007fac elementor-section-boxed elementor-section-height-default elementor-section-height-default\" data-id=\"3007fac\" data-element_type=\"section\" data-e-type=\"section\">\n\t\t\t\t\t\t<div class=\"elementor-container elementor-column-gap-default\">\n\t\t\t\t\t<div class=\"elementor-column elementor-col-100 elementor-top-column elementor-element elementor-element-e96a942\" data-id=\"e96a942\" data-element_type=\"column\" data-e-type=\"column\">\n\t\t\t<div class=\"elementor-widget-wrap elementor-element-populated\">\n\t\t\t\t\t\t<div class=\"elementor-element elementor-element-4ea25fd elementor-widget-divider--view-line elementor-widget elementor-widget-divider\" data-id=\"4ea25fd\" data-element_type=\"widget\" data-e-type=\"widget\" data-widget_type=\"divider.default\">\n\t\t\t\t<div class=\"elementor-widget-container\">\n\t\t\t\t\t\t\t<div class=\"elementor-divider\">\n\t\t\t<span class=\"elementor-divider-separator\">\n\t\t\t\t\t\t<\/span>\n\t\t<\/div>\n\t\t\t\t\t\t<\/div>\n\t\t\t\t<\/div>\n\t\t\t\t\t<\/div>\n\t\t<\/div>\n\t\t\t\t\t<\/div>\n\t\t<\/section>\n\t\t\t\t<section class=\"elementor-section elementor-top-section elementor-element elementor-element-0f1bdec elementor-section-boxed elementor-section-height-default elementor-section-height-default\" data-id=\"0f1bdec\" data-element_type=\"section\" data-e-type=\"section\">\n\t\t\t\t\t\t<div class=\"elementor-container elementor-column-gap-default\">\n\t\t\t\t\t<div class=\"elementor-column elementor-col-100 elementor-top-column elementor-element elementor-element-c1ae6ca\" data-id=\"c1ae6ca\" data-element_type=\"column\" data-e-type=\"column\">\n\t\t\t<div class=\"elementor-widget-wrap elementor-element-populated\">\n\t\t\t\t\t\t<div class=\"elementor-element elementor-element-e171b2c elementor-widget elementor-widget-text-editor\" data-id=\"e171b2c\" data-element_type=\"widget\" data-e-type=\"widget\" data-widget_type=\"text-editor.default\">\n\t\t\t\t<div class=\"elementor-widget-container\">\n\t\t\t\t\t\t\t\t\t<p><strong>A Sabedoria de Irm\u00e3 Ros\u00e1lia Rendu: Li\u00e7\u00f5es de Simplicidade e Humildade nas Visitas aos Assistidos<\/strong><\/p><p>A Irm\u00e3 Ros\u00e1lia Rendu teve um papel fundamental na forma\u00e7\u00e3o dos jovens que fundaram a Sociedade de S\u00e3o Vicente de Paulo (SSVP). Ela os ensinou sobre a import\u00e2ncia da simplicidade, da empatia e da humildade nas visitas aos assistidos. A orienta\u00e7\u00e3o dela inclu\u00eda que as visitas n\u00e3o deveriam ser feitas de maneira formal ou ostentosa, o que \u00e9 simbolizado na ideia de n\u00e3o ir de &#8220;palit\u00f3&#8221; (terno), mas sim de forma mais simples e acess\u00edvel, para que os assistidos se sentissem \u00e0 vontade.<\/p><p>Ros\u00e1lia enfatizava que a verdadeira ajuda e solidariedade v\u00eam do cora\u00e7\u00e3o, e que a dignidade do assistido deve ser sempre respeitada. A maneira como os vicentinos se apresentavam deveria refletir essa abordagem. Ela tamb\u00e9m refor\u00e7ava a import\u00e2ncia de ouvir as necessidades dos assistidos e trat\u00e1-los com respeito e carinho. Essas li\u00e7\u00f5es foram cruciais para moldar o esp\u00edrito da SSVP e sua miss\u00e3o de servir aos necessitados.<\/p>\t\t\t\t\t\t\t\t<\/div>\n\t\t\t\t<\/div>\n\t\t\t\t\t<\/div>\n\t\t<\/div>\n\t\t\t\t\t<\/div>\n\t\t<\/section>\n\t\t\t\t<section class=\"elementor-section elementor-top-section elementor-element elementor-element-b653da3 elementor-section-boxed elementor-section-height-default elementor-section-height-default\" data-id=\"b653da3\" data-element_type=\"section\" data-e-type=\"section\">\n\t\t\t\t\t\t<div class=\"elementor-container elementor-column-gap-default\">\n\t\t\t\t\t<div class=\"elementor-column elementor-col-100 elementor-top-column elementor-element elementor-element-f5f3472\" data-id=\"f5f3472\" data-element_type=\"column\" data-e-type=\"column\">\n\t\t\t<div class=\"elementor-widget-wrap elementor-element-populated\">\n\t\t\t\t\t\t<div class=\"elementor-element elementor-element-5d06aa3 elementor-widget elementor-widget-image\" data-id=\"5d06aa3\" data-element_type=\"widget\" data-e-type=\"widget\" data-widget_type=\"image.default\">\n\t\t\t\t<div class=\"elementor-widget-container\">\n\t\t\t\t\t\t\t\t\t\t\t\t\t\t\t<img decoding=\"async\" width=\"201\" height=\"251\" src=\"https:\/\/painelvicentino.com.br\/wp-content\/uploads\/2024\/10\/images-2.jpg\" class=\"attachment-large size-large wp-image-4044\" alt=\"\" \/>\t\t\t\t\t\t\t\t\t\t\t\t\t\t\t<\/div>\n\t\t\t\t<\/div>\n\t\t\t\t\t<\/div>\n\t\t<\/div>\n\t\t\t\t\t<\/div>\n\t\t<\/section>\n\t\t\t\t<\/div>\n\t\t","protected":false},"excerpt":{"rendered":"<p>Ros\u00e1lia Rendu: Legado de Caridade e Inspira\u00e7\u00e3o para os Vicentinos Irm\u00e3 Ros\u00e1lia Rendu (1786-1856) nasceu Jeanne-Marie Rendu, uma figura emblem\u00e1tica na hist\u00f3ria da Sociedade de S\u00e3o Vicente de Paulo (SSVP) e uma inspira\u00e7\u00e3o para as mulheres vicentinas em todo o mundo. Nascida em 9 de setembro de 1786, em Confort, Fran\u00e7a, ela entrou para a [&hellip;]<\/p>\n","protected":false},"author":1,"featured_media":0,"parent":0,"menu_order":0,"comment_status":"closed","ping_status":"closed","template":"","meta":{"_eb_attr":"","om_disable_all_campaigns":false,"_monsterinsights_skip_tracking":false,"_monsterinsights_sitenote_active":false,"_monsterinsights_sitenote_note":"","_monsterinsights_sitenote_category":0,"_uf_show_specific_survey":0,"_uf_disable_surveys":false,"site-sidebar-layout":"no-sidebar","site-content-layout":"plain-container","ast-site-content-layout":"normal-width-container","site-content-style":"unboxed","site-sidebar-style":"unboxed","ast-global-header-display":"","ast-banner-title-visibility":"","ast-main-header-display":"","ast-hfb-above-header-display":"","ast-hfb-below-header-display":"","ast-hfb-mobile-header-display":"","site-post-title":"disabled","ast-breadcrumbs-content":"","ast-featured-img":"disabled","footer-sml-layout":"","theme-transparent-header-meta":"default","adv-header-id-meta":"","stick-header-meta":"","header-above-stick-meta":"","header-main-stick-meta":"","header-below-stick-meta":"","astra-migrate-meta-layouts":"set","ast-page-background-enabled":"default","ast-page-background-meta":{"desktop":{"background-color":"","background-image":"","background-repeat":"repeat","background-position":"center center","background-size":"auto","background-attachment":"scroll","background-type":"","background-media":"","overlay-type":"","overlay-color":"","overlay-opacity":"","overlay-gradient":""},"tablet":{"background-color":"","background-image":"","background-repeat":"repeat","background-position":"center center","background-size":"auto","background-attachment":"scroll","background-type":"","background-media":"","overlay-type":"","overlay-color":"","overlay-opacity":"","overlay-gradient":""},"mobile":{"background-color":"","background-image":"","background-repeat":"repeat","background-position":"center center","background-size":"auto","background-attachment":"scroll","background-type":"","background-media":"","overlay-type":"","overlay-color":"","overlay-opacity":"","overlay-gradient":""}},"ast-content-background-meta":{"desktop":{"background-color":"var(--ast-global-color-5)","background-image":"","background-repeat":"repeat","background-position":"center center","background-size":"auto","background-attachment":"scroll","background-type":"","background-media":"","overlay-type":"","overlay-color":"","overlay-opacity":"","overlay-gradient":""},"tablet":{"background-color":"var(--ast-global-color-5)","background-image":"","background-repeat":"repeat","background-position":"center center","background-size":"auto","background-attachment":"scroll","background-type":"","background-media":"","overlay-type":"","overlay-color":"","overlay-opacity":"","overlay-gradient":""},"mobile":{"background-color":"var(--ast-global-color-5)","background-image":"","background-repeat":"repeat","background-position":"center center","background-size":"auto","background-attachment":"scroll","background-type":"","background-media":"","overlay-type":"","overlay-color":"","overlay-opacity":"","overlay-gradient":""}},"footnotes":""},"class_list":["post-3637","page","type-page","status-publish","hentry"],"aioseo_notices":[],"_links":{"self":[{"href":"https:\/\/painelvicentino.com.br\/index.php?rest_route=\/wp\/v2\/pages\/3637","targetHints":{"allow":["GET"]}}],"collection":[{"href":"https:\/\/painelvicentino.com.br\/index.php?rest_route=\/wp\/v2\/pages"}],"about":[{"href":"https:\/\/painelvicentino.com.br\/index.php?rest_route=\/wp\/v2\/types\/page"}],"author":[{"embeddable":true,"href":"https:\/\/painelvicentino.com.br\/index.php?rest_route=\/wp\/v2\/users\/1"}],"replies":[{"embeddable":true,"href":"https:\/\/painelvicentino.com.br\/index.php?rest_route=%2Fwp%2Fv2%2Fcomments&post=3637"}],"version-history":[{"count":52,"href":"https:\/\/painelvicentino.com.br\/index.php?rest_route=\/wp\/v2\/pages\/3637\/revisions"}],"predecessor-version":[{"id":4062,"href":"https:\/\/painelvicentino.com.br\/index.php?rest_route=\/wp\/v2\/pages\/3637\/revisions\/4062"}],"wp:attachment":[{"href":"https:\/\/painelvicentino.com.br\/index.php?rest_route=%2Fwp%2Fv2%2Fmedia&parent=3637"}],"curies":[{"name":"wp","href":"https:\/\/api.w.org\/{rel}","templated":true}]}}