{"id":3831,"date":"2024-10-03T15:05:55","date_gmt":"2024-10-03T15:05:55","guid":{"rendered":"https:\/\/painelvicentino.com.br\/?page_id=3831"},"modified":"2026-01-20T12:22:49","modified_gmt":"2026-01-20T12:22:49","slug":"para-ler-vicentinos","status":"publish","type":"page","link":"https:\/\/painelvicentino.com.br\/?page_id=3831","title":{"rendered":"Para Ler&#8230; Vicentinos!"},"content":{"rendered":"\t\t<div data-elementor-type=\"wp-page\" data-elementor-id=\"3831\" class=\"elementor elementor-3831\">\n\t\t\t\t\t\t<section class=\"elementor-section elementor-top-section elementor-element elementor-element-40974ed elementor-section-boxed elementor-section-height-default elementor-section-height-default\" data-id=\"40974ed\" data-element_type=\"section\" data-e-type=\"section\">\n\t\t\t\t\t\t<div class=\"elementor-container elementor-column-gap-default\">\n\t\t\t\t\t<div class=\"elementor-column elementor-col-100 elementor-top-column elementor-element elementor-element-0f925c1\" data-id=\"0f925c1\" data-element_type=\"column\" data-e-type=\"column\">\n\t\t\t<div class=\"elementor-widget-wrap elementor-element-populated\">\n\t\t\t\t\t\t<div class=\"elementor-element elementor-element-9760c2c elementor-widget elementor-widget-heading\" data-id=\"9760c2c\" data-element_type=\"widget\" data-e-type=\"widget\" data-widget_type=\"heading.default\">\n\t\t\t\t<div class=\"elementor-widget-container\">\n\t\t\t\t\t<h3 class=\"elementor-heading-title elementor-size-default\">Revistas e Livros<\/h3>\t\t\t\t<\/div>\n\t\t\t\t<\/div>\n\t\t\t\t\t<\/div>\n\t\t<\/div>\n\t\t\t\t\t<\/div>\n\t\t<\/section>\n\t\t\t\t<section class=\"elementor-section elementor-top-section elementor-element elementor-element-90eb87a elementor-section-boxed elementor-section-height-default elementor-section-height-default\" data-id=\"90eb87a\" data-element_type=\"section\" data-e-type=\"section\">\n\t\t\t\t\t\t<div class=\"elementor-container elementor-column-gap-default\">\n\t\t\t\t\t<div class=\"elementor-column elementor-col-100 elementor-top-column elementor-element elementor-element-f4ebd08\" data-id=\"f4ebd08\" data-element_type=\"column\" data-e-type=\"column\">\n\t\t\t<div class=\"elementor-widget-wrap elementor-element-populated\">\n\t\t\t\t\t\t<div class=\"elementor-element elementor-element-dffc481 elementor-widget elementor-widget-text-editor\" data-id=\"dffc481\" data-element_type=\"widget\" data-e-type=\"widget\" data-widget_type=\"text-editor.default\">\n\t\t\t\t<div class=\"elementor-widget-container\">\n\t\t\t\t\t\t\t\t\t<p>Em um mundo repleto de informa\u00e7\u00f5es e transforma\u00e7\u00f5es, a leitura se torna uma ferramenta essencial para o nosso crescimento pessoal e espiritual. Por isso, convidamos a explorar as ricas p\u00e1ginas do <strong>Boletim Brasileiro<\/strong>, da <strong>Revista Adoremos<\/strong> ,<strong> Livro do Ano Tem\u00e1tico<\/strong> e entre outros.<\/p><p>Essas publica\u00e7\u00f5es s\u00e3o verdadeiras fontes de conhecimento que n\u00e3o apenas enriquecem nossa compreens\u00e3o da f\u00e9, mas tamb\u00e9m nos oferecem reflex\u00f5es profundas sobre a vida crist\u00e3 e a voca\u00e7\u00e3o vicentina. O <strong>Boletim Brasileiro<\/strong> traz conte\u00fados relevantes sobre a hist\u00f3ria, a cultura e as a\u00e7\u00f5es da nossa comunidade, enquanto a <strong>Revista Adoremos<\/strong> nos convida a aprofundar nossa espiritualidade e a nos conectarmos com pr\u00e1ticas devocionais que fortalecem nossa rela\u00e7\u00e3o com Deus. Al\u00e9m disso, o <strong>Livro do Ano Tem\u00e1tico<\/strong> nos oferece uma oportunidade \u00fanica de explorar um tema central que guia nossas reflex\u00f5es e a\u00e7\u00f5es ao longo do ano.<\/p><p>Ler essas publica\u00e7\u00f5es \u00e9 mais do que um simples passatempo; \u00e9 uma oportunidade de se engajar com temas que nos desafiam e inspiram. Al\u00e9m disso, ao compartilhar essas leituras com amigos e familiares, contribu\u00edmos para a forma\u00e7\u00e3o de uma comunidade mais unida e consciente.<\/p><p>Portanto, que tal reservar um tempinho na sua semana para mergulhar nas p\u00e1ginas do Boletim, da Revista e do Livro do Ano? Com certeza, voc\u00eas encontrar\u00e3o textos que tocar\u00e3o seus cora\u00e7\u00f5es e iluminar\u00e3o seus caminhos.<\/p><p>Vamos juntos aproveitar essa oportunidade de aprendizado e crescimento espiritual!<\/p><p><a href=\"https:\/\/www.ssvpbrasil.org.br\/noticias\/livro-do-ano-tematico-2026-e-lancado-cuidar-para-servir-um-olhar-vicentino-sobre-a-organizacao-a-servico-da-caridade\">-&gt; Livro Tem\u00e1tico 2026: \u201cCuidar para servir;<\/a><\/p><p><a href=\"https:\/\/www.ssvpbrasil.org.br\/boletim-brasileiro\" target=\"_blank\" rel=\"noopener\">-&gt; Boletim Brasileiro;<\/a><\/p><p>-&gt; <a href=\"https:\/\/issuu.com\/ssvpbh\" target=\"_blank\" rel=\"noreferrer noopener\">Clique aqui para acessar o acervo digital: Revista Vicentina Adoremos;<\/a><\/p>\t\t\t\t\t\t\t\t<\/div>\n\t\t\t\t<\/div>\n\t\t\t\t\t<\/div>\n\t\t<\/div>\n\t\t\t\t\t<\/div>\n\t\t<\/section>\n\t\t\t\t<\/div>\n\t\t","protected":false},"excerpt":{"rendered":"<p>Revistas e Livros Em um mundo repleto de informa\u00e7\u00f5es e transforma\u00e7\u00f5es, a leitura se torna uma ferramenta essencial para o nosso crescimento pessoal e espiritual. Por isso, convidamos a explorar as ricas p\u00e1ginas do Boletim Brasileiro, da Revista Adoremos , Livro do Ano Tem\u00e1tico e entre outros. Essas publica\u00e7\u00f5es s\u00e3o verdadeiras fontes de conhecimento que [&hellip;]<\/p>\n","protected":false},"author":2,"featured_media":0,"parent":0,"menu_order":0,"comment_status":"closed","ping_status":"closed","template":"","meta":{"_eb_attr":"","om_disable_all_campaigns":false,"_monsterinsights_skip_tracking":false,"_monsterinsights_sitenote_active":false,"_monsterinsights_sitenote_note":"","_monsterinsights_sitenote_category":0,"_uf_show_specific_survey":0,"_uf_disable_surveys":false,"site-sidebar-layout":"no-sidebar","site-content-layout":"plain-container","ast-site-content-layout":"normal-width-container","site-content-style":"unboxed","site-sidebar-style":"unboxed","ast-global-header-display":"","ast-banner-title-visibility":"","ast-main-header-display":"","ast-hfb-above-header-display":"","ast-hfb-below-header-display":"","ast-hfb-mobile-header-display":"","site-post-title":"disabled","ast-breadcrumbs-content":"","ast-featured-img":"disabled","footer-sml-layout":"","theme-transparent-header-meta":"default","adv-header-id-meta":"","stick-header-meta":"","header-above-stick-meta":"","header-main-stick-meta":"","header-below-stick-meta":"","astra-migrate-meta-layouts":"set","ast-page-background-enabled":"default","ast-page-background-meta":{"desktop":{"background-color":"","background-image":"","background-repeat":"repeat","background-position":"center center","background-size":"auto","background-attachment":"scroll","background-type":"","background-media":"","overlay-type":"","overlay-color":"","overlay-opacity":"","overlay-gradient":""},"tablet":{"background-color":"","background-image":"","background-repeat":"repeat","background-position":"center center","background-size":"auto","background-attachment":"scroll","background-type":"","background-media":"","overlay-type":"","overlay-color":"","overlay-opacity":"","overlay-gradient":""},"mobile":{"background-color":"","background-image":"","background-repeat":"repeat","background-position":"center center","background-size":"auto","background-attachment":"scroll","background-type":"","background-media":"","overlay-type":"","overlay-color":"","overlay-opacity":"","overlay-gradient":""}},"ast-content-background-meta":{"desktop":{"background-color":"var(--ast-global-color-5)","background-image":"","background-repeat":"repeat","background-position":"center center","background-size":"auto","background-attachment":"scroll","background-type":"","background-media":"","overlay-type":"","overlay-color":"","overlay-opacity":"","overlay-gradient":""},"tablet":{"background-color":"var(--ast-global-color-5)","background-image":"","background-repeat":"repeat","background-position":"center center","background-size":"auto","background-attachment":"scroll","background-type":"","background-media":"","overlay-type":"","overlay-color":"","overlay-opacity":"","overlay-gradient":""},"mobile":{"background-color":"var(--ast-global-color-5)","background-image":"","background-repeat":"repeat","background-position":"center center","background-size":"auto","background-attachment":"scroll","background-type":"","background-media":"","overlay-type":"","overlay-color":"","overlay-opacity":"","overlay-gradient":""}},"footnotes":""},"class_list":["post-3831","page","type-page","status-publish","hentry"],"aioseo_notices":[],"_links":{"self":[{"href":"https:\/\/painelvicentino.com.br\/index.php?rest_route=\/wp\/v2\/pages\/3831","targetHints":{"allow":["GET"]}}],"collection":[{"href":"https:\/\/painelvicentino.com.br\/index.php?rest_route=\/wp\/v2\/pages"}],"about":[{"href":"https:\/\/painelvicentino.com.br\/index.php?rest_route=\/wp\/v2\/types\/page"}],"author":[{"embeddable":true,"href":"https:\/\/painelvicentino.com.br\/index.php?rest_route=\/wp\/v2\/users\/2"}],"replies":[{"embeddable":true,"href":"https:\/\/painelvicentino.com.br\/index.php?rest_route=%2Fwp%2Fv2%2Fcomments&post=3831"}],"version-history":[{"count":37,"href":"https:\/\/painelvicentino.com.br\/index.php?rest_route=\/wp\/v2\/pages\/3831\/revisions"}],"predecessor-version":[{"id":4368,"href":"https:\/\/painelvicentino.com.br\/index.php?rest_route=\/wp\/v2\/pages\/3831\/revisions\/4368"}],"wp:attachment":[{"href":"https:\/\/painelvicentino.com.br\/index.php?rest_route=%2Fwp%2Fv2%2Fmedia&parent=3831"}],"curies":[{"name":"wp","href":"https:\/\/api.w.org\/{rel}","templated":true}]}}