{"id":4209,"date":"2025-01-29T15:02:25","date_gmt":"2025-01-29T15:02:25","guid":{"rendered":"https:\/\/painelvicentino.com.br\/?page_id=4209"},"modified":"2026-01-10T11:51:12","modified_gmt":"2026-01-10T11:51:12","slug":"sao-pier-giorgio-frassati","status":"publish","type":"page","link":"https:\/\/painelvicentino.com.br\/?page_id=4209","title":{"rendered":"S\u00e3o Pier Giorgio Frassati"},"content":{"rendered":"\t\t<div data-elementor-type=\"wp-page\" data-elementor-id=\"4209\" class=\"elementor elementor-4209\">\n\t\t\t\t\t\t<section class=\"elementor-section elementor-top-section elementor-element elementor-element-90eb87a elementor-section-boxed elementor-section-height-default elementor-section-height-default\" data-id=\"90eb87a\" data-element_type=\"section\" data-e-type=\"section\">\n\t\t\t\t\t\t<div class=\"elementor-container elementor-column-gap-default\">\n\t\t\t\t\t<div class=\"elementor-column elementor-col-100 elementor-top-column elementor-element elementor-element-f4ebd08\" data-id=\"f4ebd08\" data-element_type=\"column\" data-e-type=\"column\">\n\t\t\t<div class=\"elementor-widget-wrap elementor-element-populated\">\n\t\t\t\t\t\t<div class=\"elementor-element elementor-element-9760c2c elementor-widget elementor-widget-heading\" data-id=\"9760c2c\" data-element_type=\"widget\" data-e-type=\"widget\" data-widget_type=\"heading.default\">\n\t\t\t\t<div class=\"elementor-widget-container\">\n\t\t\t\t\t<h3 class=\"elementor-heading-title elementor-size-default\">S\u00e3o Pier Giorgio Frassati <br>\nUm Santo Vicentino em Seu Compromisso com os Pobres<\/h3>\t\t\t\t<\/div>\n\t\t\t\t<\/div>\n\t\t\t\t\t<\/div>\n\t\t<\/div>\n\t\t\t\t\t<\/div>\n\t\t<\/section>\n\t\t\t\t<section class=\"elementor-section elementor-top-section elementor-element elementor-element-7962aa4 elementor-section-boxed elementor-section-height-default elementor-section-height-default\" data-id=\"7962aa4\" data-element_type=\"section\" data-e-type=\"section\">\n\t\t\t\t\t\t<div class=\"elementor-container elementor-column-gap-default\">\n\t\t\t\t\t<div class=\"elementor-column elementor-col-100 elementor-top-column elementor-element elementor-element-bdf3347\" data-id=\"bdf3347\" data-element_type=\"column\" data-e-type=\"column\">\n\t\t\t<div class=\"elementor-widget-wrap elementor-element-populated\">\n\t\t\t\t\t\t<div class=\"elementor-element elementor-element-8a4b889 elementor-widget elementor-widget-spacer\" data-id=\"8a4b889\" data-element_type=\"widget\" data-e-type=\"widget\" data-widget_type=\"spacer.default\">\n\t\t\t\t<div class=\"elementor-widget-container\">\n\t\t\t\t\t\t\t<div class=\"elementor-spacer\">\n\t\t\t<div class=\"elementor-spacer-inner\"><\/div>\n\t\t<\/div>\n\t\t\t\t\t\t<\/div>\n\t\t\t\t<\/div>\n\t\t\t\t\t<\/div>\n\t\t<\/div>\n\t\t\t\t\t<\/div>\n\t\t<\/section>\n\t\t\t\t<section class=\"elementor-section elementor-top-section elementor-element elementor-element-df575b5 elementor-section-boxed elementor-section-height-default elementor-section-height-default\" data-id=\"df575b5\" data-element_type=\"section\" data-e-type=\"section\">\n\t\t\t\t\t\t<div class=\"elementor-container elementor-column-gap-default\">\n\t\t\t\t\t<div class=\"elementor-column elementor-col-50 elementor-top-column elementor-element elementor-element-9ddd457\" data-id=\"9ddd457\" data-element_type=\"column\" data-e-type=\"column\">\n\t\t\t<div class=\"elementor-widget-wrap elementor-element-populated\">\n\t\t\t\t\t\t<div class=\"elementor-element elementor-element-5808c95 elementor-widget elementor-widget-image\" data-id=\"5808c95\" data-element_type=\"widget\" data-e-type=\"widget\" data-widget_type=\"image.default\">\n\t\t\t\t<div class=\"elementor-widget-container\">\n\t\t\t\t\t\t\t\t\t\t\t\t\t\t\t\t<a href=\"https:\/\/www.ssvpbrasil.org.br\/noticias\/cj\/pier-giorgio-frassati-e-canonizado-em-roma-um-santo-jovem-e-vicentino-para-a-igreja-de-hoje\" target=\"_blank\">\n\t\t\t\t\t\t\t<img fetchpriority=\"high\" decoding=\"async\" width=\"1280\" height=\"844\" src=\"https:\/\/painelvicentino.com.br\/wp-content\/uploads\/2026\/01\/canonizacao_frassativi_ssvp_brasil-804425_1280-844-0-0.jpg\" class=\"attachment-1536x1536 size-1536x1536 wp-image-4338\" alt=\"\" srcset=\"https:\/\/painelvicentino.com.br\/wp-content\/uploads\/2026\/01\/canonizacao_frassativi_ssvp_brasil-804425_1280-844-0-0.jpg 1280w, https:\/\/painelvicentino.com.br\/wp-content\/uploads\/2026\/01\/canonizacao_frassativi_ssvp_brasil-804425_1280-844-0-0-300x198.jpg 300w, https:\/\/painelvicentino.com.br\/wp-content\/uploads\/2026\/01\/canonizacao_frassativi_ssvp_brasil-804425_1280-844-0-0-1024x675.jpg 1024w, https:\/\/painelvicentino.com.br\/wp-content\/uploads\/2026\/01\/canonizacao_frassativi_ssvp_brasil-804425_1280-844-0-0-768x506.jpg 768w\" sizes=\"(max-width: 1280px) 100vw, 1280px\" \/>\t\t\t\t\t\t\t\t<\/a>\n\t\t\t\t\t\t\t\t\t\t\t\t\t\t\t<\/div>\n\t\t\t\t<\/div>\n\t\t\t\t<div class=\"elementor-element elementor-element-490804e elementor-alert-info elementor-widget elementor-widget-alert\" data-id=\"490804e\" data-element_type=\"widget\" data-e-type=\"widget\" data-widget_type=\"alert.default\">\n\t\t\t\t<div class=\"elementor-widget-container\">\n\t\t\t\t\t\t\t<div class=\"elementor-alert\" role=\"alert\">\n\n\t\t\t\t\t\t<span class=\"elementor-alert-title\">Verso l'alto<\/span>\n\t\t\t\n\t\t\t\t\t\t<span class=\"elementor-alert-description\">\u201cQuanto mais alto formos, melhor n\u00f3s ouviremos a voz de Cristo.\u201d<\/span>\n\t\t\t\n\t\t\t\n\t\t<\/div>\n\t\t\t\t\t\t<\/div>\n\t\t\t\t<\/div>\n\t\t\t\t\t<\/div>\n\t\t<\/div>\n\t\t\t\t<div class=\"elementor-column elementor-col-50 elementor-top-column elementor-element elementor-element-34f3b46\" data-id=\"34f3b46\" data-element_type=\"column\" data-e-type=\"column\">\n\t\t\t<div class=\"elementor-widget-wrap elementor-element-populated\">\n\t\t\t\t\t\t<div class=\"elementor-element elementor-element-92dae1c elementor-widget__width-initial elementor-widget elementor-widget-text-editor\" data-id=\"92dae1c\" data-element_type=\"widget\" data-e-type=\"widget\" data-widget_type=\"text-editor.default\">\n\t\t\t\t<div class=\"elementor-widget-container\">\n\t\t\t\t\t\t\t\t\t<p class=\"MsoNormal\" style=\"mso-margin-top-alt: auto; mso-margin-bottom-alt: auto; line-height: normal;\"><b><span style=\"font-size: 12.0pt; font-family: 'Times New Roman',serif; mso-fareast-font-family: 'Times New Roman'; mso-fareast-language: PT-BR;\">Quem foi Pier Giorgio Frassati?<\/span><\/b><\/p><p class=\"MsoNormal\" style=\"mso-margin-top-alt: auto; mso-margin-bottom-alt: auto; line-height: normal;\"><span style=\"font-size: 12.0pt; font-family: 'Times New Roman',serif; mso-fareast-font-family: 'Times New Roman'; mso-fareast-language: PT-BR;\">Pier Giorgio Frassati nasceu em 6 de abril de 1901, em Turim, It\u00e1lia, em uma fam\u00edlia de classe alta. Apesar da sua posi\u00e7\u00e3o privilegiada, sua vida foi marcada por uma forte compaix\u00e3o pelos pobres e um compromisso com a caridade. Ele se destacou, ainda jovem, por sua espiritualidade profunda e seu trabalho social com os mais necessitados, sendo especialmente ligado \u00e0 <b>Sociedade de S\u00e3o Vicente de Paulo (SSVP)<\/b>, onde se dedicou ao servi\u00e7o dos mais vulner\u00e1veis.<\/span><\/p><p class=\"MsoNormal\" style=\"mso-margin-top-alt: auto; mso-margin-bottom-alt: auto; line-height: normal;\"><b><span style=\"font-size: 12.0pt; font-family: 'Times New Roman',serif; mso-fareast-font-family: 'Times New Roman'; mso-fareast-language: PT-BR;\">Pier Giorgio e a Sociedade de S\u00e3o Vicente de Paulo<\/span><\/b><\/p><p class=\"MsoNormal\" style=\"mso-margin-top-alt: auto; mso-margin-bottom-alt: auto; line-height: normal;\"><span style=\"font-size: 12.0pt; font-family: 'Times New Roman',serif; mso-fareast-font-family: 'Times New Roman'; mso-fareast-language: PT-BR;\">A rela\u00e7\u00e3o de Pier Giorgio Frassati com os vicentinos foi um dos aspectos mais marcantes de sua vida. Mesmo vindo de uma fam\u00edlia rica, ele n\u00e3o se contentou com uma vida voltada para o conforto pessoal. Pier Giorgio se uniu aos vicentinos em Turim e passou a colaborar ativamente em suas obras de caridade, demonstrando uma verdadeira devo\u00e7\u00e3o ao servi\u00e7o dos pobres. Ele ajudava nas visitas aos doentes, distribu\u00eda alimentos e roupas e se dedicava, com humildade e zelo, ao al\u00edvio das necessidades dos mais desprovidos. <\/span><\/p><p class=\"MsoNormal\" style=\"mso-margin-top-alt: auto; mso-margin-bottom-alt: auto; line-height: normal;\"><span style=\"font-size: 12.0pt; font-family: 'Times New Roman',serif; mso-fareast-font-family: 'Times New Roman'; mso-fareast-language: PT-BR;\">A atua\u00e7\u00e3o de Pier Giorgio com os vicentinos \u00e9 um exemplo claro de como a f\u00e9 se traduz em a\u00e7\u00f5es concretas e generosas em favor dos mais necessitados. Para ele, ajudar os pobres era uma verdadeira miss\u00e3o, uma resposta ao chamado do Evangelho.<\/span><\/p><p class=\"MsoNormal\" style=\"mso-margin-top-alt: auto; mso-margin-bottom-alt: auto; line-height: normal;\"><span style=\"font-size: 12.0pt; font-family: 'Times New Roman',serif; mso-fareast-font-family: 'Times New Roman'; mso-fareast-language: PT-BR;\">Frassati \u00e9 o Padroeiro das Juventudes Vicentinas.<\/span><\/p>\t\t\t\t\t\t\t\t<\/div>\n\t\t\t\t<\/div>\n\t\t\t\t\t<\/div>\n\t\t<\/div>\n\t\t\t\t\t<\/div>\n\t\t<\/section>\n\t\t\t\t<section class=\"elementor-section elementor-top-section elementor-element elementor-element-3a0afb0 elementor-section-boxed elementor-section-height-default elementor-section-height-default\" data-id=\"3a0afb0\" data-element_type=\"section\" data-e-type=\"section\">\n\t\t\t\t\t\t<div class=\"elementor-container elementor-column-gap-default\">\n\t\t\t\t\t<div class=\"elementor-column elementor-col-100 elementor-top-column elementor-element elementor-element-fa3c8ed\" data-id=\"fa3c8ed\" data-element_type=\"column\" data-e-type=\"column\">\n\t\t\t<div class=\"elementor-widget-wrap elementor-element-populated\">\n\t\t\t\t\t\t<div class=\"elementor-element elementor-element-a661ce6 elementor-widget elementor-widget-text-editor\" data-id=\"a661ce6\" data-element_type=\"widget\" data-e-type=\"widget\" data-widget_type=\"text-editor.default\">\n\t\t\t\t<div class=\"elementor-widget-container\">\n\t\t\t\t\t\t\t\t\t<p class=\"MsoNormal\" style=\"mso-margin-top-alt: auto; mso-margin-bottom-alt: auto; line-height: normal;\"><b><span style=\"font-size: 12.0pt; font-family: 'Times New Roman',serif; mso-fareast-font-family: 'Times New Roman'; mso-fareast-language: PT-BR;\">Vida de F\u00e9 e Compromisso com os Pobres<\/span><\/b><\/p><p class=\"MsoNormal\" style=\"mso-margin-top-alt: auto; mso-margin-bottom-alt: auto; line-height: normal;\"><span style=\"font-size: 12.0pt; font-family: 'Times New Roman',serif; mso-fareast-font-family: 'Times New Roman'; mso-fareast-language: PT-BR;\">A vida de Pier Giorgio foi caracterizada por sua profunda espiritualidade. Devoto da Eucaristia e da Virgem Maria, ele mantinha uma vida de ora\u00e7\u00e3o di\u00e1ria e procurava viver sua f\u00e9 de maneira aut\u00eantica e pr\u00e1tica. Pier Giorgio n\u00e3o se limitava a um cristianismo apenas de palavras, mas concretizava sua f\u00e9 em a\u00e7\u00f5es cotidianas de amor e cuidado para com os outros.<\/span><\/p><p class=\"MsoNormal\" style=\"mso-margin-top-alt: auto; mso-margin-bottom-alt: auto; line-height: normal;\"><span style=\"font-size: 12.0pt; font-family: 'Times New Roman',serif; mso-fareast-font-family: 'Times New Roman'; mso-fareast-language: PT-BR;\">Al\u00e9m de sua dedica\u00e7\u00e3o aos vicentinos, ele se envolvia em diversas atividades de caridade, ajudando sempre que poss\u00edvel as pessoas em situa\u00e7\u00e3o de vulnerabilidade. Sua vida de f\u00e9 n\u00e3o o afastava da realidade, mas o tornava ainda mais sens\u00edvel \u00e0s dores e necessidades do pr\u00f3ximo.<\/span><\/p><p class=\"MsoNormal\" style=\"mso-margin-top-alt: auto; mso-margin-bottom-alt: auto; line-height: normal;\"><b><span style=\"font-size: 12.0pt; font-family: 'Times New Roman',serif; mso-fareast-font-family: 'Times New Roman'; mso-fareast-language: PT-BR;\">Sua Canoniza\u00e7\u00e3o e Legado<\/span><\/b><\/p><p class=\"MsoNormal\" style=\"mso-margin-top-alt: auto; mso-margin-bottom-alt: auto; line-height: normal;\"><span style=\"font-size: 12.0pt; font-family: 'Times New Roman',serif; mso-fareast-font-family: 'Times New Roman'; mso-fareast-language: PT-BR;\">Em 4 de julho de 1925, com apenas 24 anos, Pier Giorgio Frassati faleceu, v\u00edtima de poliomielite. Sua morte precoce n\u00e3o impediu que seu exemplo de santidade e compromisso com os pobres fosse reconhecido por muitos. O processo de beatifica\u00e7\u00e3o foi iniciado em 1981, e em 1990, o Papa Jo\u00e3o Paulo II o beatificou, chamando-o de &#8220;o jovem da bem-aventuran\u00e7a&#8221;, um modelo de santidade crist\u00e3.<\/span><\/p><p><span style=\"font-size: 12.0pt; line-height: 107%; font-family: 'Times New Roman',serif; mso-fareast-font-family: 'Times New Roman'; mso-ansi-language: PT-BR; mso-fareast-language: PT-BR; mso-bidi-language: AR-SA;\">Em 2025, a canoniza\u00e7\u00e3o de Pier Giorgio Frassati est\u00e1 programada, confirmando ainda mais sua santidade e seu exemplo para o mundo. Sua vida continua a inspirar milhares de jovens e crist\u00e3os a viverem o Evangelho com a\u00e7\u00e3o, alegria e generosidade.<\/span><\/p><p class=\"MsoNormal\" style=\"mso-margin-top-alt: auto; mso-margin-bottom-alt: auto; line-height: normal;\"><b><span style=\"font-size: 12.0pt; font-family: 'Times New Roman',serif; mso-fareast-font-family: 'Times New Roman'; mso-fareast-language: PT-BR;\">Pier Giorgio Frassati: Um Exemplo para os Vicentinos<\/span><\/b><\/p><p class=\"MsoNormal\" style=\"mso-margin-top-alt: auto; mso-margin-bottom-alt: auto; line-height: normal;\"><span style=\"font-size: 12.0pt; font-family: 'Times New Roman',serif; mso-fareast-font-family: 'Times New Roman'; mso-fareast-language: PT-BR;\">Como vicentinos, somos chamados a seguir o exemplo de Pier Giorgio Frassati em nossa miss\u00e3o de servir aos pobres e marginalizados. Sua vida nos ensina que a verdadeira caridade n\u00e3o \u00e9 apenas um ato de generosidade, mas uma express\u00e3o concreta do amor de Deus pelo pr\u00f3ximo. Pier Giorgio \u00e9 um modelo de como devemos ser fi\u00e9is \u00e0 nossa voca\u00e7\u00e3o vicentina, sempre prontos para servir, sem reservas e com cora\u00e7\u00e3o cheio de amor.<\/span><\/p><p class=\"MsoNormal\" style=\"mso-margin-top-alt: auto; mso-margin-bottom-alt: auto; line-height: normal;\"><span style=\"font-size: 12.0pt; font-family: 'Times New Roman',serif; mso-fareast-font-family: 'Times New Roman'; mso-fareast-language: PT-BR;\">A vida de Pier Giorgio Frassati \u00e9 um exemplo de que a santidade \u00e9 acess\u00edvel a todos n\u00f3s, independentemente de nossa idade, classe social ou condi\u00e7\u00e3o. Sua canoniza\u00e7\u00e3o prova que a santidade pode ser vivida no cotidiano, nas a\u00e7\u00f5es de amor ao pr\u00f3ximo e no compromisso com os mais necessitados.<\/span><\/p>\t\t\t\t\t\t\t\t<\/div>\n\t\t\t\t<\/div>\n\t\t\t\t\t<\/div>\n\t\t<\/div>\n\t\t\t\t\t<\/div>\n\t\t<\/section>\n\t\t\t\t<section class=\"elementor-section elementor-top-section elementor-element elementor-element-5d54752 elementor-section-boxed elementor-section-height-default elementor-section-height-default\" data-id=\"5d54752\" data-element_type=\"section\" data-e-type=\"section\">\n\t\t\t\t\t\t<div class=\"elementor-container elementor-column-gap-default\">\n\t\t\t\t\t<div class=\"elementor-column elementor-col-100 elementor-top-column elementor-element elementor-element-68d79e4\" data-id=\"68d79e4\" data-element_type=\"column\" data-e-type=\"column\">\n\t\t\t<div class=\"elementor-widget-wrap elementor-element-populated\">\n\t\t\t\t\t\t<div class=\"elementor-element elementor-element-2de7e1c elementor-widget elementor-widget-image\" data-id=\"2de7e1c\" data-element_type=\"widget\" data-e-type=\"widget\" data-widget_type=\"image.default\">\n\t\t\t\t<div class=\"elementor-widget-container\">\n\t\t\t\t\t\t\t\t\t\t\t\t\t\t\t<img decoding=\"async\" src=\"https:\/\/painelvicentino.com.br\/wp-content\/uploads\/elementor\/thumbs\/sao-pier-giorgio-frassati-paroquia-bom-jesus-de-piraporinha-diadema-sp-1-rhg5xtm8ypy9u66mphs63o3iskz7xz61ky8xx31zco.jpg\" title=\"sao-pier-giorgio-frassati-paroquia-bom-jesus-de-piraporinha-diadema-sp-1\" alt=\"sao-pier-giorgio-frassati-paroquia-bom-jesus-de-piraporinha-diadema-sp-1\" loading=\"lazy\" \/>\t\t\t\t\t\t\t\t\t\t\t\t\t\t\t<\/div>\n\t\t\t\t<\/div>\n\t\t\t\t\t<\/div>\n\t\t<\/div>\n\t\t\t\t\t<\/div>\n\t\t<\/section>\n\t\t\t\t<section class=\"elementor-section elementor-top-section elementor-element elementor-element-0f1bdec elementor-section-boxed elementor-section-height-default elementor-section-height-default\" data-id=\"0f1bdec\" data-element_type=\"section\" data-e-type=\"section\">\n\t\t\t\t\t\t<div class=\"elementor-container elementor-column-gap-default\">\n\t\t\t\t\t<div class=\"elementor-column elementor-col-100 elementor-top-column elementor-element elementor-element-c1ae6ca\" data-id=\"c1ae6ca\" data-element_type=\"column\" data-e-type=\"column\">\n\t\t\t<div class=\"elementor-widget-wrap elementor-element-populated\">\n\t\t\t\t\t\t<div class=\"elementor-element elementor-element-4ea25fd elementor-widget-divider--view-line elementor-widget elementor-widget-divider\" data-id=\"4ea25fd\" data-element_type=\"widget\" data-e-type=\"widget\" data-widget_type=\"divider.default\">\n\t\t\t\t<div class=\"elementor-widget-container\">\n\t\t\t\t\t\t\t<div class=\"elementor-divider\">\n\t\t\t<span class=\"elementor-divider-separator\">\n\t\t\t\t\t\t<\/span>\n\t\t<\/div>\n\t\t\t\t\t\t<\/div>\n\t\t\t\t<\/div>\n\t\t\t\t\t<\/div>\n\t\t<\/div>\n\t\t\t\t\t<\/div>\n\t\t<\/section>\n\t\t\t\t<section class=\"elementor-section elementor-top-section elementor-element elementor-element-b0e1acf elementor-section-boxed elementor-section-height-default elementor-section-height-default\" data-id=\"b0e1acf\" data-element_type=\"section\" data-e-type=\"section\">\n\t\t\t\t\t\t<div class=\"elementor-container elementor-column-gap-default\">\n\t\t\t\t\t<div class=\"elementor-column elementor-col-100 elementor-top-column elementor-element elementor-element-dffe57d\" data-id=\"dffe57d\" data-element_type=\"column\" data-e-type=\"column\">\n\t\t\t<div class=\"elementor-widget-wrap elementor-element-populated\">\n\t\t\t\t\t\t<div class=\"elementor-element elementor-element-1240567 elementor-widget elementor-widget-text-editor\" data-id=\"1240567\" data-element_type=\"widget\" data-e-type=\"widget\" data-widget_type=\"text-editor.default\">\n\t\t\t\t<div class=\"elementor-widget-container\">\n\t\t\t\t\t\t\t\t\t<p><strong>CONHE\u00c7A TAMB\u00c9M: <\/strong><\/p><p><a href=\"https:\/\/www.ssvpbrasil.org.br\/noticias\/1o-de-setembro-dia-da-beata-isabel-cristina-a-flor-vicentina\" target=\"_blank\" rel=\"noopener\">Beata Isabel Cristina<\/a> foi uma religiosa brasileira da Congrega\u00e7\u00e3o das Irm\u00e3s da Caridade de S\u00e3o Vicente de Paulo, reconhecida por seu compromisso com os mais necessitados e sua vida de intensa dedica\u00e7\u00e3o \u00e0 caridade. Sua miss\u00e3o de servir aos pobres e marginalizados, sempre com esp\u00edrito de f\u00e9 e humildade, marcou profundamente a Igreja no Brasil. Beatificada em 2019, ela \u00e9 exemplo de amor ao pr\u00f3ximo e de viv\u00eancia dos valores vicentinos.<\/p>\t\t\t\t\t\t\t\t<\/div>\n\t\t\t\t<\/div>\n\t\t\t\t\t<\/div>\n\t\t<\/div>\n\t\t\t\t\t<\/div>\n\t\t<\/section>\n\t\t\t\t<section class=\"elementor-section elementor-top-section elementor-element elementor-element-b653da3 elementor-section-boxed elementor-section-height-default elementor-section-height-default\" data-id=\"b653da3\" data-element_type=\"section\" data-e-type=\"section\">\n\t\t\t\t\t\t<div class=\"elementor-container elementor-column-gap-default\">\n\t\t\t\t\t<div class=\"elementor-column elementor-col-100 elementor-top-column elementor-element elementor-element-f5f3472\" data-id=\"f5f3472\" data-element_type=\"column\" data-e-type=\"column\">\n\t\t\t<div class=\"elementor-widget-wrap elementor-element-populated\">\n\t\t\t\t\t\t<div class=\"elementor-element elementor-element-5d06aa3 elementor-widget elementor-widget-image\" data-id=\"5d06aa3\" data-element_type=\"widget\" data-e-type=\"widget\" data-widget_type=\"image.default\">\n\t\t\t\t<div class=\"elementor-widget-container\">\n\t\t\t\t\t\t\t\t\t\t\t\t\t\t\t<img decoding=\"async\" src=\"https:\/\/painelvicentino.com.br\/wp-content\/uploads\/elementor\/thumbs\/isabel-r0q20o2o4zi3kg89595vhc4zashwbpkojovps1mz84.jpg\" title=\"isabel\" alt=\"isabel\" loading=\"lazy\" \/>\t\t\t\t\t\t\t\t\t\t\t\t\t\t\t<\/div>\n\t\t\t\t<\/div>\n\t\t\t\t\t<\/div>\n\t\t<\/div>\n\t\t\t\t\t<\/div>\n\t\t<\/section>\n\t\t\t\t<section class=\"elementor-section elementor-top-section elementor-element elementor-element-b1ad3bd elementor-section-boxed elementor-section-height-default elementor-section-height-default\" data-id=\"b1ad3bd\" data-element_type=\"section\" data-e-type=\"section\">\n\t\t\t\t\t\t<div class=\"elementor-container elementor-column-gap-default\">\n\t\t\t\t\t<div class=\"elementor-column elementor-col-100 elementor-top-column elementor-element elementor-element-593a594\" data-id=\"593a594\" data-element_type=\"column\" data-e-type=\"column\">\n\t\t\t<div class=\"elementor-widget-wrap elementor-element-populated\">\n\t\t\t\t\t\t<div class=\"elementor-element elementor-element-b062a71 elementor-widget elementor-widget-heading\" data-id=\"b062a71\" data-element_type=\"widget\" data-e-type=\"widget\" data-widget_type=\"heading.default\">\n\t\t\t\t<div class=\"elementor-widget-container\">\n\t\t\t\t\t<h5 class=\"elementor-heading-title elementor-size-default\">\u201cNunca desista diante de dificuldades que a vida nos fornece \u00e0s vezes\u201d (Isabel Cristina).<\/h5>\t\t\t\t<\/div>\n\t\t\t\t<\/div>\n\t\t\t\t\t<\/div>\n\t\t<\/div>\n\t\t\t\t\t<\/div>\n\t\t<\/section>\n\t\t\t\t<\/div>\n\t\t","protected":false},"excerpt":{"rendered":"<p>S\u00e3o Pier Giorgio Frassati Um Santo Vicentino em Seu Compromisso com os Pobres Verso l&#8217;alto \u201cQuanto mais alto formos, melhor n\u00f3s ouviremos a voz de Cristo.\u201d Quem foi Pier Giorgio Frassati? Pier Giorgio Frassati nasceu em 6 de abril de 1901, em Turim, It\u00e1lia, em uma fam\u00edlia de classe alta. Apesar da sua posi\u00e7\u00e3o privilegiada, [&hellip;]<\/p>\n","protected":false},"author":2,"featured_media":0,"parent":0,"menu_order":0,"comment_status":"closed","ping_status":"closed","template":"","meta":{"_eb_attr":"","om_disable_all_campaigns":false,"_monsterinsights_skip_tracking":false,"_monsterinsights_sitenote_active":false,"_monsterinsights_sitenote_note":"","_monsterinsights_sitenote_category":0,"_uf_show_specific_survey":0,"_uf_disable_surveys":false,"site-sidebar-layout":"no-sidebar","site-content-layout":"plain-container","ast-site-content-layout":"normal-width-container","site-content-style":"unboxed","site-sidebar-style":"unboxed","ast-global-header-display":"","ast-banner-title-visibility":"","ast-main-header-display":"","ast-hfb-above-header-display":"","ast-hfb-below-header-display":"","ast-hfb-mobile-header-display":"","site-post-title":"disabled","ast-breadcrumbs-content":"","ast-featured-img":"disabled","footer-sml-layout":"","theme-transparent-header-meta":"default","adv-header-id-meta":"","stick-header-meta":"","header-above-stick-meta":"","header-main-stick-meta":"","header-below-stick-meta":"","astra-migrate-meta-layouts":"set","ast-page-background-enabled":"default","ast-page-background-meta":{"desktop":{"background-color":"","background-image":"","background-repeat":"repeat","background-position":"center center","background-size":"auto","background-attachment":"scroll","background-type":"","background-media":"","overlay-type":"","overlay-color":"","overlay-opacity":"","overlay-gradient":""},"tablet":{"background-color":"","background-image":"","background-repeat":"repeat","background-position":"center center","background-size":"auto","background-attachment":"scroll","background-type":"","background-media":"","overlay-type":"","overlay-color":"","overlay-opacity":"","overlay-gradient":""},"mobile":{"background-color":"","background-image":"","background-repeat":"repeat","background-position":"center center","background-size":"auto","background-attachment":"scroll","background-type":"","background-media":"","overlay-type":"","overlay-color":"","overlay-opacity":"","overlay-gradient":""}},"ast-content-background-meta":{"desktop":{"background-color":"var(--ast-global-color-5)","background-image":"","background-repeat":"repeat","background-position":"center center","background-size":"auto","background-attachment":"scroll","background-type":"","background-media":"","overlay-type":"","overlay-color":"","overlay-opacity":"","overlay-gradient":""},"tablet":{"background-color":"var(--ast-global-color-5)","background-image":"","background-repeat":"repeat","background-position":"center center","background-size":"auto","background-attachment":"scroll","background-type":"","background-media":"","overlay-type":"","overlay-color":"","overlay-opacity":"","overlay-gradient":""},"mobile":{"background-color":"var(--ast-global-color-5)","background-image":"","background-repeat":"repeat","background-position":"center center","background-size":"auto","background-attachment":"scroll","background-type":"","background-media":"","overlay-type":"","overlay-color":"","overlay-opacity":"","overlay-gradient":""}},"footnotes":""},"class_list":["post-4209","page","type-page","status-publish","hentry"],"aioseo_notices":[],"_links":{"self":[{"href":"https:\/\/painelvicentino.com.br\/index.php?rest_route=\/wp\/v2\/pages\/4209","targetHints":{"allow":["GET"]}}],"collection":[{"href":"https:\/\/painelvicentino.com.br\/index.php?rest_route=\/wp\/v2\/pages"}],"about":[{"href":"https:\/\/painelvicentino.com.br\/index.php?rest_route=\/wp\/v2\/types\/page"}],"author":[{"embeddable":true,"href":"https:\/\/painelvicentino.com.br\/index.php?rest_route=\/wp\/v2\/users\/2"}],"replies":[{"embeddable":true,"href":"https:\/\/painelvicentino.com.br\/index.php?rest_route=%2Fwp%2Fv2%2Fcomments&post=4209"}],"version-history":[{"count":26,"href":"https:\/\/painelvicentino.com.br\/index.php?rest_route=\/wp\/v2\/pages\/4209\/revisions"}],"predecessor-version":[{"id":4346,"href":"https:\/\/painelvicentino.com.br\/index.php?rest_route=\/wp\/v2\/pages\/4209\/revisions\/4346"}],"wp:attachment":[{"href":"https:\/\/painelvicentino.com.br\/index.php?rest_route=%2Fwp%2Fv2%2Fmedia&parent=4209"}],"curies":[{"name":"wp","href":"https:\/\/api.w.org\/{rel}","templated":true}]}}